{"id":24826,"date":"2022-11-24T20:38:36","date_gmt":"2022-11-24T19:38:36","guid":{"rendered":"http:\/\/strachocin.archidiecezja.wroc.pl\/_nowa-wp\/?page_id=24826"},"modified":"2023-09-11T08:29:49","modified_gmt":"2023-09-11T06:29:49","slug":"intencje-mszalne","status":"publish","type":"page","link":"https:\/\/strachocin.archidiecezja.wroc.pl\/?page_id=24826","title":{"rendered":"Intencje mszalne"},"content":{"rendered":"<ul class=\"wp-block-latest-posts__list has-dates wp-block-latest-posts\"><li><div class=\"wp-block-latest-posts__featured-image\"><img loading=\"lazy\" decoding=\"async\" width=\"300\" height=\"300\" src=\"https:\/\/i0.wp.com\/strachocin.archidiecezja.wroc.pl\/wp-content\/uploads\/2023\/01\/intencje.png?fit=300%2C300&amp;ssl=1\" class=\"attachment-medium size-medium wp-post-image\" alt=\"\" style=\"\" srcset=\"https:\/\/i0.wp.com\/strachocin.archidiecezja.wroc.pl\/wp-content\/uploads\/2023\/01\/intencje.png?w=450&amp;ssl=1 450w, https:\/\/i0.wp.com\/strachocin.archidiecezja.wroc.pl\/wp-content\/uploads\/2023\/01\/intencje.png?resize=300%2C300&amp;ssl=1 300w, https:\/\/i0.wp.com\/strachocin.archidiecezja.wroc.pl\/wp-content\/uploads\/2023\/01\/intencje.png?resize=150%2C150&amp;ssl=1 150w\" sizes=\"(max-width: 300px) 100vw, 300px\" \/><\/div><a class=\"wp-block-latest-posts__post-title\" href=\"https:\/\/strachocin.archidiecezja.wroc.pl\/?p=27381\">INTENCJE MSZALNE &#8211;  3 Tydzie\u0144 Wielkanocny 19-23.04.2026<\/a><time datetime=\"2026-04-18T16:15:31+02:00\" class=\"wp-block-latest-posts__post-date\">18 kwietnia 2026<\/time><div class=\"wp-block-latest-posts__post-full-content\"><!-- wp:paragraph -->\n<p><strong>Niedziela, 19 kwietnia. Trzecia niedziela wielkanocna<\/strong><br>08:00 + Zbigniew Ko\u015bciuk &#8211; 5 rocznica \u015bmierci<br>09:30 + Krystyna &#8211; 18 Msza gregoria\u0144ska<br>09:30 O Bo\u017ce b\u0142og. dla Stasia w 1 rocznic\u0119 urodzin<br>11:00 Imieninowa za Jerzego z wdzi\u0119czno\u015bci\u0105 za Fundacj\u0119 Bo\u017cego S\u0142owa i \u0142ask\u0119 promowania Bo\u017cego S\u0142owa<br>12:30 O Bo\u017ce b\u0142og. dla Tadeusza z okazji urodzin<br>12:30 O Bo\u017ce b\u0142og. dla Marii i Stanis\u0142awa w 45 rocznic\u0119 \u015blubu oraz dla ich dzieci i wnuk\u00f3w<br>18:00 O Bo\u017ce b\u0142og. i dary Ducha \u015awi\u0119tego dla Wiktorii z okazji urodzin<br>20:00 ++ Waleria, Franciszek oraz ++ z rodziny<\/p>\n<!-- \/wp:paragraph -->\n\n<!-- wp:paragraph -->\n<p><strong>Poniedzia\u0142ek, 20 kwietnia<\/strong><br>09:00 W intencji Rafa\u0142a o Bo\u017ce b\u0142og. i si\u0142y<br>18:00 + Krystyna &#8211; 19 Msza gregoria\u0144ska<\/p>\n<!-- \/wp:paragraph -->\n\n<!-- wp:paragraph -->\n<p><strong>Wtorek, 21 kwietnia<\/strong><br>09:00 + Krystyna &#8211; 20 Msza gregoria\u0144ska<br>18:00 + Jadwiga Skr\u0119tkowicz &#8211; 4 rocznica \u015bmierci, + Mateusz Ciupka &#8211; 4 rocznica \u015bmierci<br>18:00 O uzdrowienie i prowadzenie Ducha \u015awi\u0119tego we wszystkich podejmowanych dzia\u0142aniach lekarzy dla Ks. Rajmunda<\/p>\n<!-- \/wp:paragraph -->\n\n<!-- wp:paragraph -->\n<p><strong>\u015aroda, 22 kwietnia<\/strong><br>09:00 ++ Janina i Feliks Kasprzak<br>09:00 + Krystyna &#8211; 21 Msza gregoria\u0144ska<br>18:00 ++ Antonina, Edward, J\u00f3zef, Jadwiga i ++ z rodziny<\/p>\n<!-- \/wp:paragraph -->\n\n<!-- wp:paragraph -->\n<p><strong>Czwartek, 23 kwietnia. Uroczysto\u015b\u0107 \u015aw. Wojciecha, biskupa i m\u0119czennika, g\u0142\u00f3wnego patrona Polski<\/strong><br>09:00 + Krystyna &#8211; 22 Msza gregoria\u0144ska<br>09:00 + Cecylia Brocka &#8211; miesi\u0105c po \u015bmierci<br>18:00 + Ewa Murawska &#8211; Sarna &#8211; 3 rocznica \u015bmierci<\/p>\n<!-- \/wp:paragraph -->\n\n<!-- wp:paragraph -->\n<p><strong>Pi\u0105tek, 24 kwietnia<\/strong><br>09:00 + Mieczys\u0142aw Krzesaj &#8211; 2 rocznica \u015bmierci<br>09:00 + Krystyna &#8211; 23 Msza gregoria\u0144ska<br>18:00 O Bo\u017ce b\u0142og. dla Ma\u0142gorzaty z okazji urodzin<\/p>\n<!-- \/wp:paragraph -->\n\n<!-- wp:paragraph -->\n<p><strong>Sobota, 25 kwietnia. \u015awi\u0119to \u015aw. Marka Ewangelisty<\/strong><br>09:00 + Krystyna &#8211; 24 Msza gregoria\u0144ska<br>09:00 O Bo\u017ce b\u0142og. i potrzebne \u0142aski dla Aleksandry i Marka<br>18:00 + Kazimierz Murawski oraz ++ z rodziny<\/p>\n<!-- \/wp:paragraph -->\n\n<!-- wp:paragraph -->\n<p><strong>NIEDZIELA, 26 kwietnia. Czwarta niedziela wielkanocna<\/strong><br>08:00 ++ Monika, Jan, Janina, Stanis\u0142awa (ona)<br>08:00 O Bo\u017ce b\u0142og. i opiek\u0119 Matki Bo\u017cej dla Piotra i Anity w 8 rocznic\u0119 \u015blubu<br>09:30 + Piotr Motylski &#8211; 4 rocznica \u015bmierci<br>09:30 O Bo\u017ce b\u0142og. dla Macieja w 16 rocznic\u0119 urodzin oraz dla Wojciecha z okazji imienin<br>11:00 + Krystyna &#8211; 25 Msza gregoria\u0144ska<br>11:00 + Zbigniew Stadnik &#8211; w rocznic\u0119 \u015bmierci, + Jan Kochanowicz &#8211; w rocznic\u0119 \u015bmierci<br>12:30 O Bo\u017ce b\u0142og. dla Marceliny w 20 rocznic\u0119 urodzin<br>18:00 + Krystyna Ruczka &#8211; 16 rocznica \u015bmierci<br>20:00 + Jadwiga Kaziuta &#8211; miesi\u0105c po \u015bmierci<\/p>\n<!-- \/wp:paragraph --><\/div><\/li>\n<\/ul>\n\n<ul class=\"wp-block-latest-posts__list wp-block-latest-posts\"><li><div class=\"wp-block-latest-posts__featured-image alignleft\"><img loading=\"lazy\" decoding=\"async\" width=\"150\" height=\"150\" src=\"https:\/\/i0.wp.com\/strachocin.archidiecezja.wroc.pl\/wp-content\/uploads\/2023\/01\/intencje.png?resize=150%2C150&amp;ssl=1\" class=\"attachment-thumbnail size-thumbnail wp-post-image\" alt=\"\" style=\"max-width:38px;max-height:32px;\" srcset=\"https:\/\/i0.wp.com\/strachocin.archidiecezja.wroc.pl\/wp-content\/uploads\/2023\/01\/intencje.png?w=450&amp;ssl=1 450w, https:\/\/i0.wp.com\/strachocin.archidiecezja.wroc.pl\/wp-content\/uploads\/2023\/01\/intencje.png?resize=300%2C300&amp;ssl=1 300w, https:\/\/i0.wp.com\/strachocin.archidiecezja.wroc.pl\/wp-content\/uploads\/2023\/01\/intencje.png?resize=150%2C150&amp;ssl=1 150w\" sizes=\"(max-width: 150px) 100vw, 150px\" \/><\/div><a class=\"wp-block-latest-posts__post-title\" href=\"https:\/\/strachocin.archidiecezja.wroc.pl\/?p=27381\">INTENCJE MSZALNE &#8211;  3 Tydzie\u0144 Wielkanocny 19-23.04.2026<\/a><\/li>\n<li><div class=\"wp-block-latest-posts__featured-image alignleft\"><img loading=\"lazy\" decoding=\"async\" width=\"150\" height=\"150\" src=\"https:\/\/i0.wp.com\/strachocin.archidiecezja.wroc.pl\/wp-content\/uploads\/2023\/01\/intencje.png?resize=150%2C150&amp;ssl=1\" class=\"attachment-thumbnail size-thumbnail wp-post-image\" alt=\"\" style=\"max-width:38px;max-height:32px;\" srcset=\"https:\/\/i0.wp.com\/strachocin.archidiecezja.wroc.pl\/wp-content\/uploads\/2023\/01\/intencje.png?w=450&amp;ssl=1 450w, https:\/\/i0.wp.com\/strachocin.archidiecezja.wroc.pl\/wp-content\/uploads\/2023\/01\/intencje.png?resize=300%2C300&amp;ssl=1 300w, https:\/\/i0.wp.com\/strachocin.archidiecezja.wroc.pl\/wp-content\/uploads\/2023\/01\/intencje.png?resize=150%2C150&amp;ssl=1 150w\" sizes=\"(max-width: 150px) 100vw, 150px\" \/><\/div><a class=\"wp-block-latest-posts__post-title\" href=\"https:\/\/strachocin.archidiecezja.wroc.pl\/?p=27373\">INTENCJE MSZALNE &#8211;  2 Tydzie\u0144 Wielkanocny 12-19.04.2026<\/a><\/li>\n<li><div class=\"wp-block-latest-posts__featured-image alignleft\"><img loading=\"lazy\" decoding=\"async\" width=\"150\" height=\"150\" src=\"https:\/\/i0.wp.com\/strachocin.archidiecezja.wroc.pl\/wp-content\/uploads\/2023\/01\/intencje.png?resize=150%2C150&amp;ssl=1\" class=\"attachment-thumbnail size-thumbnail wp-post-image\" alt=\"\" style=\"max-width:38px;max-height:32px;\" srcset=\"https:\/\/i0.wp.com\/strachocin.archidiecezja.wroc.pl\/wp-content\/uploads\/2023\/01\/intencje.png?w=450&amp;ssl=1 450w, https:\/\/i0.wp.com\/strachocin.archidiecezja.wroc.pl\/wp-content\/uploads\/2023\/01\/intencje.png?resize=300%2C300&amp;ssl=1 300w, https:\/\/i0.wp.com\/strachocin.archidiecezja.wroc.pl\/wp-content\/uploads\/2023\/01\/intencje.png?resize=150%2C150&amp;ssl=1 150w\" sizes=\"(max-width: 150px) 100vw, 150px\" \/><\/div><a class=\"wp-block-latest-posts__post-title\" href=\"https:\/\/strachocin.archidiecezja.wroc.pl\/?p=27362\">INTENCJE MSZALNE &#8211;  1 Tydzie\u0144 Wielkanocny 06-12.04.2026<\/a><\/li>\n<li><div class=\"wp-block-latest-posts__featured-image alignleft\"><img loading=\"lazy\" decoding=\"async\" width=\"150\" height=\"150\" src=\"https:\/\/i0.wp.com\/strachocin.archidiecezja.wroc.pl\/wp-content\/uploads\/2023\/01\/intencje.png?resize=150%2C150&amp;ssl=1\" class=\"attachment-thumbnail size-thumbnail wp-post-image\" alt=\"\" style=\"max-width:38px;max-height:32px;\" srcset=\"https:\/\/i0.wp.com\/strachocin.archidiecezja.wroc.pl\/wp-content\/uploads\/2023\/01\/intencje.png?w=450&amp;ssl=1 450w, https:\/\/i0.wp.com\/strachocin.archidiecezja.wroc.pl\/wp-content\/uploads\/2023\/01\/intencje.png?resize=300%2C300&amp;ssl=1 300w, https:\/\/i0.wp.com\/strachocin.archidiecezja.wroc.pl\/wp-content\/uploads\/2023\/01\/intencje.png?resize=150%2C150&amp;ssl=1 150w\" sizes=\"(max-width: 150px) 100vw, 150px\" \/><\/div><a class=\"wp-block-latest-posts__post-title\" href=\"https:\/\/strachocin.archidiecezja.wroc.pl\/?p=27355\">INTENCJE MSZALNE &#8211;  Wielki Tydzie\u0144 29.03-05.04.2026<\/a><\/li>\n<li><div class=\"wp-block-latest-posts__featured-image alignleft\"><img loading=\"lazy\" decoding=\"async\" width=\"150\" height=\"150\" src=\"https:\/\/i0.wp.com\/strachocin.archidiecezja.wroc.pl\/wp-content\/uploads\/2023\/01\/intencje.png?resize=150%2C150&amp;ssl=1\" class=\"attachment-thumbnail size-thumbnail wp-post-image\" alt=\"\" style=\"max-width:38px;max-height:32px;\" srcset=\"https:\/\/i0.wp.com\/strachocin.archidiecezja.wroc.pl\/wp-content\/uploads\/2023\/01\/intencje.png?w=450&amp;ssl=1 450w, https:\/\/i0.wp.com\/strachocin.archidiecezja.wroc.pl\/wp-content\/uploads\/2023\/01\/intencje.png?resize=300%2C300&amp;ssl=1 300w, https:\/\/i0.wp.com\/strachocin.archidiecezja.wroc.pl\/wp-content\/uploads\/2023\/01\/intencje.png?resize=150%2C150&amp;ssl=1 150w\" sizes=\"(max-width: 150px) 100vw, 150px\" \/><\/div><a class=\"wp-block-latest-posts__post-title\" href=\"https:\/\/strachocin.archidiecezja.wroc.pl\/?p=27336\">INTENCJE MSZALNE &#8211;  5 Tydzie\u0144 Wielkiego Postu  22-29.03.2026<\/a><\/li>\n<\/ul>","protected":false},"excerpt":{"rendered":"","protected":false},"author":1,"featured_media":0,"parent":24829,"menu_order":2,"comment_status":"closed","ping_status":"closed","template":"","meta":{"_uag_custom_page_level_css":"","ngg_post_thumbnail":0,"footnotes":""},"uagb_featured_image_src":{"full":false,"thumbnail":false,"medium":false,"medium_large":false,"large":false,"1536x1536":false,"2048x2048":false,"hestia-blog":false},"uagb_author_info":{"display_name":"tomekr","author_link":"https:\/\/strachocin.archidiecezja.wroc.pl\/?author=1"},"uagb_comment_info":0,"uagb_excerpt":null,"_links":{"self":[{"href":"https:\/\/strachocin.archidiecezja.wroc.pl\/index.php?rest_route=\/wp\/v2\/pages\/24826"}],"collection":[{"href":"https:\/\/strachocin.archidiecezja.wroc.pl\/index.php?rest_route=\/wp\/v2\/pages"}],"about":[{"href":"https:\/\/strachocin.archidiecezja.wroc.pl\/index.php?rest_route=\/wp\/v2\/types\/page"}],"author":[{"embeddable":true,"href":"https:\/\/strachocin.archidiecezja.wroc.pl\/index.php?rest_route=\/wp\/v2\/users\/1"}],"replies":[{"embeddable":true,"href":"https:\/\/strachocin.archidiecezja.wroc.pl\/index.php?rest_route=%2Fwp%2Fv2%2Fcomments&post=24826"}],"version-history":[{"count":6,"href":"https:\/\/strachocin.archidiecezja.wroc.pl\/index.php?rest_route=\/wp\/v2\/pages\/24826\/revisions"}],"predecessor-version":[{"id":25304,"href":"https:\/\/strachocin.archidiecezja.wroc.pl\/index.php?rest_route=\/wp\/v2\/pages\/24826\/revisions\/25304"}],"up":[{"embeddable":true,"href":"https:\/\/strachocin.archidiecezja.wroc.pl\/index.php?rest_route=\/wp\/v2\/pages\/24829"}],"wp:attachment":[{"href":"https:\/\/strachocin.archidiecezja.wroc.pl\/index.php?rest_route=%2Fwp%2Fv2%2Fmedia&parent=24826"}],"curies":[{"name":"wp","href":"https:\/\/api.w.org\/{rel}","templated":true}]}}