{"id":24817,"date":"2022-11-24T20:17:31","date_gmt":"2022-11-24T19:17:31","guid":{"rendered":"http:\/\/strachocin.archidiecezja.wroc.pl\/_nowa-wp\/?page_id=24817"},"modified":"2024-01-31T18:20:04","modified_gmt":"2024-01-31T17:20:04","slug":"taca-i-1-podatku","status":"publish","type":"page","link":"https:\/\/strachocin.archidiecezja.wroc.pl\/?page_id=24817","title":{"rendered":"Taca, konto i odliczenie 1,5%"},"content":{"rendered":"\n<h2 class=\"wp-block-heading\">Wp\u0142aty na budow\u0119 ko\u015bcio\u0142a i adaptacj\u0119 kaplicy<\/h2>\n\n\n\n<p>\u015arodki na budow\u0119 ko\u015bcio\u0142a i adaptacj\u0119 kaplicy mo\u017cna przekazywa\u0107 w nast\u0119puj\u0105cy spos\u00f3b:<\/p>\n\n\n\n<ul>\n<li>W kopercie na tac\u0119, zbieran\u0105 podczas mszy \u015bw. lub bezpo\u015brednio na r\u0119ce ks. Proboszcza (<strong>z dopiskiem \u201ena budow\u0119 ko\u015bcio\u0142a\u201d<\/strong>)<\/li>\n\n\n\n<li>Przekazuj\u0105c ofiar\u0119 na tac\u0119, zbieran\u0105 podczas wszystkich Eucharystii w ka\u017cd\u0105 <strong>pierwsz\u0105 <\/strong>niedziel\u0119 miesi\u0105ca.<\/li>\n\n\n\n<li><strong>Bezpo\u015brednio na konto:<\/strong><br><br>PARAFIA P.W. NAJ\u015aWI\u0118TSZEJ MARYI PANNY BOLESNEJ<br>51-511 WROC\u0141AW<br><br>specjalny rachunek dla budowy: <strong>87 7065 0002 0651 9192 1304 0001 <\/strong>w banku Krajowa Sp\u00f3\u0142dzielcza Kasa Oszcz\u0119dno\u015bciowo-Kredytowa w Sopocie<br>lub<br>og\u00f3lny rachunek Parafii: <strong>73 9585 0007 0220 0220 0077 0001<\/strong> w banku Bank Sp\u00f3\u0142dzielczy O\u0142awa <br><br>Tytu\u0142 przelewu: <strong>Na cele kultu religijnego<\/strong><br><\/li>\n<\/ul>\n\n\n\n<h2 class=\"wp-block-heading\">1,5% podatku na budow\u0119<\/h2>\n\n\n\n<p>Dzi\u0119ki porozumieniu z Fundacj\u0105 Strachota istnieje mo\u017cliwo\u015b\u0107 przekazania 1,5% podatku na rzecz budowy naszego ko\u015bcio\u0142a oraz adaptacji dawnej kaplicy.<br>Wystarczy wpisa\u0107 w odpowiednie pola swojego formularza PIT numer KRS <strong>0000224647 <\/strong>oraz wyliczon\u0105 kwot\u0119 1,5 procenta podatku dochodowego oraz koniecznie dopisek \u201e<strong>parafia Strachocin<\/strong>\u201d w rubryce \u201ecel szczeg\u00f3\u0142owy 1,5%\u201d. Urz\u0105d Skarbowy prze\u015ble t\u0119 kwot\u0119 na konto Fundacji \u201eStrachota\u201d, kt\u00f3ra na mocy zawartego porozumienia przeka\u017ce \u015brodki na konto parafii.<\/p>\n\n\n\n<figure class=\"wp-block-image size-full\"><img loading=\"lazy\" decoding=\"async\" width=\"750\" height=\"240\" src=\"https:\/\/i0.wp.com\/strachocin.archidiecezja.wroc.pl\/_nowa-wp\/wp-content\/uploads\/2023\/01\/proc-pit36.jpg?resize=750%2C240&#038;ssl=1\" alt=\"\" class=\"wp-image-24898\" srcset=\"https:\/\/i0.wp.com\/strachocin.archidiecezja.wroc.pl\/wp-content\/uploads\/2023\/01\/proc-pit36.jpg?w=763&amp;ssl=1 763w, https:\/\/i0.wp.com\/strachocin.archidiecezja.wroc.pl\/wp-content\/uploads\/2023\/01\/proc-pit36.jpg?resize=300%2C96&amp;ssl=1 300w\" sizes=\"(max-width: 750px) 100vw, 750px\" data-recalc-dims=\"1\" \/><figcaption class=\"wp-element-caption\"><strong>Powy\u017cej: wz\u00f3r dla Pit-36<\/strong><\/figcaption><\/figure>\n\n\n\n<figure class=\"wp-block-image size-full\"><img loading=\"lazy\" decoding=\"async\" width=\"636\" height=\"240\" src=\"https:\/\/i0.wp.com\/strachocin.archidiecezja.wroc.pl\/_nowa-wp\/wp-content\/uploads\/2023\/01\/proc-pit37.jpg?resize=636%2C240&#038;ssl=1\" alt=\"\" class=\"wp-image-24899\" srcset=\"https:\/\/i0.wp.com\/strachocin.archidiecezja.wroc.pl\/wp-content\/uploads\/2023\/01\/proc-pit37.jpg?w=636&amp;ssl=1 636w, https:\/\/i0.wp.com\/strachocin.archidiecezja.wroc.pl\/wp-content\/uploads\/2023\/01\/proc-pit37.jpg?resize=300%2C113&amp;ssl=1 300w\" sizes=\"(max-width: 636px) 100vw, 636px\" data-recalc-dims=\"1\" \/><figcaption class=\"wp-element-caption\"><strong>Wz\u00f3r dla Pit 37<\/strong><\/figcaption><\/figure>\n\n\n\n<p>Wi\u0119cej o zasadach obliczenia tego odliczenia podatku mo\u017cna znale\u017a\u0107 na <a href=\"https:\/\/www.podatki.gov.pl\/pit\/jak-przekazac-1-proc-na-opp\/\" target=\"_blank\" rel=\"noreferrer noopener\">podatkowej stronie Ministerstwa Finans\u00f3w<\/a><\/p>\n","protected":false},"excerpt":{"rendered":"<p>Wp\u0142aty na budow\u0119 ko\u015bcio\u0142a i adaptacj\u0119 kaplicy \u015arodki na budow\u0119 ko\u015bcio\u0142a i adaptacj\u0119 kaplicy mo\u017cna przekazywa\u0107 w nast\u0119puj\u0105cy spos\u00f3b: 1,5% podatku na budow\u0119 Dzi\u0119ki porozumieniu z Fundacj\u0105 Strachota istnieje mo\u017cliwo\u015b\u0107 przekazania 1,5% podatku na rzecz budowy naszego ko\u015bcio\u0142a oraz adaptacji dawnej kaplicy.Wystarczy wpisa\u0107 w odpowiednie pola swojego formularza PIT numer [&hellip;]<\/p>\n","protected":false},"author":1,"featured_media":0,"parent":24831,"menu_order":3,"comment_status":"closed","ping_status":"closed","template":"","meta":{"_uag_custom_page_level_css":"","ngg_post_thumbnail":0,"footnotes":""},"uagb_featured_image_src":{"full":false,"thumbnail":false,"medium":false,"medium_large":false,"large":false,"1536x1536":false,"2048x2048":false,"hestia-blog":false},"uagb_author_info":{"display_name":"tomekr","author_link":"https:\/\/strachocin.archidiecezja.wroc.pl\/?author=1"},"uagb_comment_info":0,"uagb_excerpt":"Wp\u0142aty na budow\u0119 ko\u015bcio\u0142a i adaptacj\u0119 kaplicy \u015arodki na budow\u0119 ko\u015bcio\u0142a i adaptacj\u0119 kaplicy mo\u017cna przekazywa\u0107 w nast\u0119puj\u0105cy spos\u00f3b: 1,5% podatku na budow\u0119 Dzi\u0119ki porozumieniu z Fundacj\u0105 Strachota istnieje mo\u017cliwo\u015b\u0107 przekazania 1,5% podatku na rzecz budowy naszego ko\u015bcio\u0142a oraz adaptacji dawnej kaplicy.Wystarczy wpisa\u0107 w odpowiednie pola swojego formularza PIT numer [&hellip;]","_links":{"self":[{"href":"https:\/\/strachocin.archidiecezja.wroc.pl\/index.php?rest_route=\/wp\/v2\/pages\/24817"}],"collection":[{"href":"https:\/\/strachocin.archidiecezja.wroc.pl\/index.php?rest_route=\/wp\/v2\/pages"}],"about":[{"href":"https:\/\/strachocin.archidiecezja.wroc.pl\/index.php?rest_route=\/wp\/v2\/types\/page"}],"author":[{"embeddable":true,"href":"https:\/\/strachocin.archidiecezja.wroc.pl\/index.php?rest_route=\/wp\/v2\/users\/1"}],"replies":[{"embeddable":true,"href":"https:\/\/strachocin.archidiecezja.wroc.pl\/index.php?rest_route=%2Fwp%2Fv2%2Fcomments&post=24817"}],"version-history":[{"count":6,"href":"https:\/\/strachocin.archidiecezja.wroc.pl\/index.php?rest_route=\/wp\/v2\/pages\/24817\/revisions"}],"predecessor-version":[{"id":25917,"href":"https:\/\/strachocin.archidiecezja.wroc.pl\/index.php?rest_route=\/wp\/v2\/pages\/24817\/revisions\/25917"}],"up":[{"embeddable":true,"href":"https:\/\/strachocin.archidiecezja.wroc.pl\/index.php?rest_route=\/wp\/v2\/pages\/24831"}],"wp:attachment":[{"href":"https:\/\/strachocin.archidiecezja.wroc.pl\/index.php?rest_route=%2Fwp%2Fv2%2Fmedia&parent=24817"}],"curies":[{"name":"wp","href":"https:\/\/api.w.org\/{rel}","templated":true}]}}