{"id":24716,"date":"2022-02-01T18:38:57","date_gmt":"2022-02-01T17:38:57","guid":{"rendered":"http:\/\/strachocin.archidiecezja.wroc.pl\/_nowa-wp\/?page_id=24716"},"modified":"2023-11-23T21:35:03","modified_gmt":"2023-11-23T20:35:03","slug":"o-parafii","status":"publish","type":"page","link":"https:\/\/strachocin.archidiecezja.wroc.pl\/?page_id=24716","title":{"rendered":"Informacje"},"content":{"rendered":"\n<figure class=\"wp-block-table\"><table><tbody><tr><td><strong>Proboszcz<\/strong>:<\/td><td>Ks. Wojciech JA\u015aKIEWICZ &#8211; ust. 2009<\/td><\/tr><tr><td><strong>Wikariusz<\/strong>:<\/td><td>Ks. Wojciech SZAB\u0141OWSKI &#8211; ust. 2022<\/td><\/tr><tr><td><strong>Rachunek bankowy: <\/strong><\/td><td><strong>73 9585 0007 0220 0220 0077 0001<\/strong> w banku Bank Sp\u00f3\u0142dzielczy O\u0142awa<\/td><\/tr><tr><td><strong>Liczba mieszka\u0144c\u00f3w<\/strong>:<\/td><td>4674<\/td><\/tr><tr><td><strong>Odpust<\/strong>:<\/td><td>15 wrze\u015bnia<\/td><\/tr><tr><td><strong>Nabo\u017ce\u0144stwo 40-godzinne<\/strong>:<\/td><td>pi\u0105tek, sobota po \u015arodzie Popielcowej<\/td><\/tr><tr><td><strong>Wieczysta Adoracja<\/strong>:<\/td><td>17 wrze\u015bnia<\/td><\/tr><tr><td><strong>Ulice<\/strong>:<\/td><td><strong>Strachocin<\/strong>: Badury, Dobrackiego, Drobuta, Ja\u015bkowicka, Kmieca, Ko\u0142odziejska, \u0141aniewska, Miko\u0142owska, Mys\u0142owicka, Narciarska, Niedzia\u0142kowskiego, Osadnicza, Radzionkowska, Rataja, Rolnicza, Siewna, S\u0142omiana, Smocza, Soboci\u0144ska, Strachoci\u0144ska, Tatarakowa, Treski, Witosa, W\u0142o\u015bcia\u0144ska, Wie\u015bniacza, Wo\u0142czy\u0144ska, Wschodnia, Zamoyskiego<br><strong>Wojn\u00f3w<\/strong>: B\u0142otna, Chrz\u0105stawska, Gitarowa, Jelcza\u0144ska, Laskowicka, Le\u015bna, Nadolicka, Odcinek, Perkusyjna, Przy Torze, Strachoci\u0144ska, Strumykowa, \u015ar\u00f3dle\u015bna, Ubocze, Wa\u0142owa, Wyk\u0142adowa, Zagajnikowa<\/td><\/tr><tr><td><strong>Przedszkole<\/strong>:<\/td><td>Przedszkole nr 115, ul. Strachoci\u0144ska 155?157; Przedszkole Publiczne i \u017b\u0142obek Niepubliczny &#8222;Happy Bees&#8221;, ul. Strachoci\u0144ska 21; Przedszkole Publiczne &#8222;Zielony Groszek&#8221;, ul. Rolnicza 36<\/td><\/tr><tr><td><strong>Szko\u0142a podstawowa<\/strong>:<\/td><td>Szko\u0142a Podstawowa nr 53, ul. Strachoci\u0144ska 155-157<\/td><\/tr><tr><td><strong>Erygowanie Parafii<\/strong>:<\/td><td>1998 r.<br>(konsekracja 2022 r. )<\/td><\/tr><tr><td><strong>Ksi\u0119gi metrykalne<\/strong>:<\/td><td>od 1998 r.<\/td><\/tr><tr><td><strong>Wsp\u00f3lnoty i Ruchy<\/strong>:<\/td><td>\u017bywy R\u00f3\u017caniec, Rada Parafialna, Ko\u0142o Radia Maryja, Liturgiczna S\u0142u\u017cba O\u0142tarza, Wsp\u00f3lnota Odnowy w Duchu \u015bw. &#8222;Emaus&#8221;, Wsp\u00f3lnota Domowego Ko\u015bcio\u0142a Ruchu \u015awiat\u0142o-\u017bycie &#8222;On Jest&#8221;, Wsp\u00f3lnota dzieci i m\u0142odzie\u017cy &#8222;Kompania Jonatana&#8221;<\/td><\/tr><\/tbody><\/table><\/figure>\n\n\n\n<p><\/p>\n","protected":false},"excerpt":{"rendered":"<p>Proboszcz: Ks. Wojciech JA\u015aKIEWICZ &#8211; ust. 2009 Wikariusz: Ks. Wojciech SZAB\u0141OWSKI &#8211; ust. 2022 Rachunek bankowy: 73 9585 0007 0220 0220 0077 0001 w banku Bank Sp\u00f3\u0142dzielczy O\u0142awa Liczba mieszka\u0144c\u00f3w: 4674 Odpust: 15 wrze\u015bnia Nabo\u017ce\u0144stwo 40-godzinne: pi\u0105tek, sobota po \u015arodzie Popielcowej Wieczysta Adoracja: 17 wrze\u015bnia Ulice: Strachocin: Badury, Dobrackiego, Drobuta, [&hellip;]<\/p>\n","protected":false},"author":1,"featured_media":0,"parent":24831,"menu_order":5,"comment_status":"closed","ping_status":"closed","template":"","meta":{"_uag_custom_page_level_css":"","ngg_post_thumbnail":0,"footnotes":""},"uagb_featured_image_src":{"full":false,"thumbnail":false,"medium":false,"medium_large":false,"large":false,"1536x1536":false,"2048x2048":false,"hestia-blog":false},"uagb_author_info":{"display_name":"tomekr","author_link":"https:\/\/strachocin.archidiecezja.wroc.pl\/?author=1"},"uagb_comment_info":0,"uagb_excerpt":"Proboszcz: Ks. Wojciech JA\u015aKIEWICZ &#8211; ust. 2009 Wikariusz: Ks. Wojciech SZAB\u0141OWSKI &#8211; ust. 2022 Rachunek bankowy: 73 9585 0007 0220 0220 0077 0001 w banku Bank Sp\u00f3\u0142dzielczy O\u0142awa Liczba mieszka\u0144c\u00f3w: 4674 Odpust: 15 wrze\u015bnia Nabo\u017ce\u0144stwo 40-godzinne: pi\u0105tek, sobota po \u015arodzie Popielcowej Wieczysta Adoracja: 17 wrze\u015bnia Ulice: Strachocin: Badury, Dobrackiego, Drobuta, [&hellip;]","_links":{"self":[{"href":"https:\/\/strachocin.archidiecezja.wroc.pl\/index.php?rest_route=\/wp\/v2\/pages\/24716"}],"collection":[{"href":"https:\/\/strachocin.archidiecezja.wroc.pl\/index.php?rest_route=\/wp\/v2\/pages"}],"about":[{"href":"https:\/\/strachocin.archidiecezja.wroc.pl\/index.php?rest_route=\/wp\/v2\/types\/page"}],"author":[{"embeddable":true,"href":"https:\/\/strachocin.archidiecezja.wroc.pl\/index.php?rest_route=\/wp\/v2\/users\/1"}],"replies":[{"embeddable":true,"href":"https:\/\/strachocin.archidiecezja.wroc.pl\/index.php?rest_route=%2Fwp%2Fv2%2Fcomments&post=24716"}],"version-history":[{"count":10,"href":"https:\/\/strachocin.archidiecezja.wroc.pl\/index.php?rest_route=\/wp\/v2\/pages\/24716\/revisions"}],"predecessor-version":[{"id":25763,"href":"https:\/\/strachocin.archidiecezja.wroc.pl\/index.php?rest_route=\/wp\/v2\/pages\/24716\/revisions\/25763"}],"up":[{"embeddable":true,"href":"https:\/\/strachocin.archidiecezja.wroc.pl\/index.php?rest_route=\/wp\/v2\/pages\/24831"}],"wp:attachment":[{"href":"https:\/\/strachocin.archidiecezja.wroc.pl\/index.php?rest_route=%2Fwp%2Fv2%2Fmedia&parent=24716"}],"curies":[{"name":"wp","href":"https:\/\/api.w.org\/{rel}","templated":true}]}}