{"id":24557,"date":"2022-01-01T17:38:01","date_gmt":"2022-01-01T16:38:01","guid":{"rendered":"http:\/\/strachocin.archidiecezja.wroc.pl\/_nowa-wp\/?page_id=24557"},"modified":"2026-02-04T18:41:38","modified_gmt":"2026-02-04T17:41:38","slug":"dyzury","status":"publish","type":"page","link":"https:\/\/strachocin.archidiecezja.wroc.pl\/?page_id=24557","title":{"rendered":"Dy\u017cury"},"content":{"rendered":"\n<section class=\"wp-block-uagb-section uagb-section__wrap uagb-section__background-image uagb-block-da80e187\">\n\t<div class=\"uagb-section__overlay\"><\/div>\n\t<div class=\"uagb-section__inner-wrap\"\n\tstyle=\"background-image:url('https:\/\/i0.wp.com\/strachocin.archidiecezja.wroc.pl\/wp-content\/uploads\/2021\/12\/poradnia-tlo-duze-scaled.jpg');\n\tpadding: 5px;\">\n\t\t<div class=\"has-text-align-right\" style=\"\">\n\t\t\t<div class=\"has-medium-font-size\" style=\"\"><strong>Psycholog, psychoterapeuta<\/strong><\/div>\n\t\t\t<div class=\"has-small-font-size\"><strong>poniedzia\u0142ek 9.00-13.00<\/strong><\/div>\n\t\t\t<div class=\"has-small-font-size\">porady i konsultacje indywidualne, ma\u0142\u017ce\u0144skie rodzinne<br>wsparcie rodzic\u00f3w w wychowaniu,<br>pomoc w rozwi\u0105zywaniu trudno\u015bci edukacyjnych\n\t\t\t\tdzieci i m\u0142odzie\u017cy<\/div>\n\t\t<\/div>\n\t\t<div class=\"has-text-align-left\">\n\t\t\t<div class=\"has-medium-font-size\"><strong>Psycholog<\/strong><\/div>\n\t\t\t<div class=\"has-small-font-size\"><strong>wtorek 16.00-19.00<\/strong><\/div>\n\t\t\t<div class=\"has-small-font-size\">konsultacje psychologiczne dla os\u00f3b doros\u0142ych oraz m\u0142odzie\u017cy,<br>wsparcie interwencyjne oraz edukacyjne dla rodzic\u00f3w i os\u00f3b w kryzysie emocjonalnym, <br> profesjonalna diagnoza sytuacji problemowej oraz identyfikacja indywidualnych zasob\u00f3w,<br>praca nad celami i planem dzia\u0142a\u0144 wspieraj\u0105cym popraw\u0119 funkcjonowania rodziny<\/div> \n\t\t\t<div class=\"has-small-font-size\"><dfn><\/dfn><\/div>\n\t\t<\/div>\n\t\t<div class=\"has-text-align-right\">\n\t\t\t<div class=\"has-medium-font-size\"><strong>Psycholog, psychoterapeuta<\/strong><\/div>\n\t\t\t<div class=\"has-small-font-size\"><strong>\u015broda, godz. 8.00 &#8211; 11.00<\/strong><\/div>\n\t\t\t<div class=\"has-small-font-size\">porady i konsultacje dla os\u00f3b doros\u0142ych z zakresu problem\u00f3w <br>emocjonalnych, komunikacyjnych<br>trudno\u015bci w budowaniu relacji interpersonalnych,<br> pomoc w radzeniu sobie ze stresem \n\t\t\t<\/div>\n\t\t<\/div>\n\t\t<div class=\"has-text-align-left\">\n\t\t\t<div class=\"has-medium-font-size\"><strong>Doradca \u017cycia rodzinnego, pedagog<\/strong><\/div>\n\t\t\t<div class=\"has-small-font-size\"><strong>II i IV \u015broda m-ca 18.00-20.30<\/strong><\/div>\n\t\t\t<div class=\"has-small-font-size\">porady i konsultacje w rozpoznawaniu okres\u00f3w p\u0142odno\u015bci,<br>nauka metod\n\t\t\t\tnaturalnego planowania rodziny<br>rozpoznawanie p\u0142odno\u015bci w okresie laktacji oraz klimakterium<br>Pomoc w rozwi\u0105zywaniu problem\u00f3w wychowawczych.<\/div>\n\t\t<\/div>\n\t\t<div class=\"has-text-align-right\">\n\t\t\t<div class=\"has-medium-font-size\"><strong>Trener komunikacji<\/strong><\/div>\n\t\t\t<div class=\"has-small-font-size\"><strong>III \u015broda miesi\u0105ca 19.00-21.00<\/strong><\/div>\n\t\t\t<div class=\"has-small-font-size\">doradztwo oparte na potrzebach i empatii<br>identyfikowanie kompetencji i\n\t\t\t\tmocnych stron,<br>wspieranie rozwoju osobistego, wyznaczanie cel\u00f3w<\/div>\n\t\t<\/div>\n\t\t<div class=\"has-text-align-left\">\n\t\t\t<div class=\"has-medium-font-size\"><strong>Pedagog specjalny, psychoterapeuta<\/strong><\/div>\n\t\t\t<div class=\"has-small-font-size\"><strong>czwartek, godz. 17.00 &#8211; 20.00<\/strong><\/div>\n\t\t\t<div class=\"has-small-font-size\">diagnoza psychomotorycznego rozwoju dziecka; porady z zakresu wczesnego wspomagania <br>rozwoju dziecka z zaburzeniami typu:dysharmonia rozwojowa, nadpobudliwo\u015b\u0107 psychoruchowa,<br> dysleksja, trudno\u015bci w uczeniu si\u0119, spektrum autyzmu<\/div>\n\t\t<\/div>\n\t\t<div class=\"has-text-align-right\">\n\t\t\t<div class=\"has-medium-font-size\"><strong>Prawnik<\/strong><\/div>\n\t\t\t<div class=\"has-small-font-size\"><strong>II czwartek m-ca 17.00-19.00<\/strong><\/div>\n\t\t\t<div class=\"has-small-font-size\"><\/div>\n\t\t<\/div>\n\t\t<div class=\"has-text-align-left\">\n\t\t\t<div class=\"has-medium-font-size\"><strong>Duszpasterz<\/strong><\/div>\n\t\t\t<div class=\"has-small-font-size\"><strong>III pi\u0105tek miesi\u0105ca 15.00-17.00<\/strong><\/div>\n\t\t\t<div class=\"has-small-font-size\"><br><\/div>\n\t\t<\/div>\n\t\t<div class=\"has-text-align-right\">\n\t\t\t<div class=\"has-medium-font-size\"><strong>Pedagog, logoterapeuta<\/strong><\/div>\n\t\t\t<div class=\"has-small-font-size\"><strong>II i IV poniedzia\u0142ek m-ca, godz. 15.15 &#8211; 17.15<\/strong><\/div>\n\t\t\t<div class=\"has-small-font-size\"> konsultacje  dla os\u00f3b doros\u0142ych oraz m\u0142odzie\u017cy<br>wsparcie logoterapeuty w poszukiwaniu sensu \u017cycia,<br>w do\u015bwiadczeniu kryzysu \u017cyciowego, w relacjach, po stracie bliskiej osoby<\/div>\n\t\t<\/div>\n\t\t<div class=\"has-text-align-center\" style=\"color:black;\">\n\t\t\t<br><br>\n\t\t\t<div class=\"has-medium-font-size\">Rejestracja poniedzia\u0142ek &#8211; pi\u0105tek w godz. 9.00-18.00<\/div>\n\t\t\t<br>\n\t\t\t<strong>\n\t\t\t\t<div class=\"has-medium-font-size\">tel. 790 214 050<\/div>\n\t\t\t\t<div class=\"has-medium-font-size\">e-mail:poradnia.strachocin@gmail.com<\/div>\n\t\t\t\t<p class=\"has-medium-font-size\"><a href=\"\/?page_id=10\">formularz kontaktowy<\/a><\/p>\n\t\t\t<\/strong>\n\t\t<\/div>\n\t\t<div>\n\t\t\t<br><br><br><br><br>\n\t\t\t<div class=\"has-small-font-size\" style=\"color:white;\"><strong>Poradnia jest wsp\u00f3\u0142finansowana przez Gmin\u0119\n\t\t\t\t\tWroc\u0142aw www.wroc\u0142aw.pl<\/strong><\/div>\n\t\t<\/div>\n\t<\/div>\n<\/section>\n","protected":false},"excerpt":{"rendered":"<p>Psycholog, psychoterapeuta poniedzia\u0142ek 9.00-13.00 porady i konsultacje indywidualne, ma\u0142\u017ce\u0144skie rodzinnewsparcie rodzic\u00f3w w wychowaniu,pomoc w rozwi\u0105zywaniu trudno\u015bci edukacyjnych dzieci i m\u0142odzie\u017cy Psycholog wtorek 16.00-19.00 konsultacje psychologiczne dla os\u00f3b doros\u0142ych oraz m\u0142odzie\u017cy,wsparcie interwencyjne oraz edukacyjne dla rodzic\u00f3w i os\u00f3b w kryzysie emocjonalnym, profesjonalna diagnoza sytuacji problemowej oraz identyfikacja indywidualnych zasob\u00f3w,praca nad celami [&hellip;]<\/p>\n","protected":false},"author":1,"featured_media":0,"parent":104,"menu_order":0,"comment_status":"closed","ping_status":"closed","template":"","meta":{"_uag_custom_page_level_css":"","ngg_post_thumbnail":0,"footnotes":""},"uagb_featured_image_src":{"full":false,"thumbnail":false,"medium":false,"medium_large":false,"large":false,"1536x1536":false,"2048x2048":false,"hestia-blog":false},"uagb_author_info":{"display_name":"tomekr","author_link":"https:\/\/strachocin.archidiecezja.wroc.pl\/?author=1"},"uagb_comment_info":0,"uagb_excerpt":"Psycholog, psychoterapeuta poniedzia\u0142ek 9.00-13.00 porady i konsultacje indywidualne, ma\u0142\u017ce\u0144skie rodzinnewsparcie rodzic\u00f3w w wychowaniu,pomoc w rozwi\u0105zywaniu trudno\u015bci edukacyjnych dzieci i m\u0142odzie\u017cy Psycholog wtorek 16.00-19.00 konsultacje psychologiczne dla os\u00f3b doros\u0142ych oraz m\u0142odzie\u017cy,wsparcie interwencyjne oraz edukacyjne dla rodzic\u00f3w i os\u00f3b w kryzysie emocjonalnym, profesjonalna diagnoza sytuacji problemowej oraz identyfikacja indywidualnych zasob\u00f3w,praca nad celami [&hellip;]","_links":{"self":[{"href":"https:\/\/strachocin.archidiecezja.wroc.pl\/index.php?rest_route=\/wp\/v2\/pages\/24557"}],"collection":[{"href":"https:\/\/strachocin.archidiecezja.wroc.pl\/index.php?rest_route=\/wp\/v2\/pages"}],"about":[{"href":"https:\/\/strachocin.archidiecezja.wroc.pl\/index.php?rest_route=\/wp\/v2\/types\/page"}],"author":[{"embeddable":true,"href":"https:\/\/strachocin.archidiecezja.wroc.pl\/index.php?rest_route=\/wp\/v2\/users\/1"}],"replies":[{"embeddable":true,"href":"https:\/\/strachocin.archidiecezja.wroc.pl\/index.php?rest_route=%2Fwp%2Fv2%2Fcomments&post=24557"}],"version-history":[{"count":62,"href":"https:\/\/strachocin.archidiecezja.wroc.pl\/index.php?rest_route=\/wp\/v2\/pages\/24557\/revisions"}],"predecessor-version":[{"id":27255,"href":"https:\/\/strachocin.archidiecezja.wroc.pl\/index.php?rest_route=\/wp\/v2\/pages\/24557\/revisions\/27255"}],"up":[{"embeddable":true,"href":"https:\/\/strachocin.archidiecezja.wroc.pl\/index.php?rest_route=\/wp\/v2\/pages\/104"}],"wp:attachment":[{"href":"https:\/\/strachocin.archidiecezja.wroc.pl\/index.php?rest_route=%2Fwp%2Fv2%2Fmedia&parent=24557"}],"curies":[{"name":"wp","href":"https:\/\/api.w.org\/{rel}","templated":true}]}}