{"id":24478,"date":"2021-12-17T20:21:46","date_gmt":"2021-12-17T19:21:46","guid":{"rendered":"http:\/\/strachocin.archidiecezja.wroc.pl\/_nowa-wp\/?page_id=24478"},"modified":"2021-12-21T21:12:46","modified_gmt":"2021-12-21T20:12:46","slug":"aktualnosci","status":"publish","type":"page","link":"https:\/\/strachocin.archidiecezja.wroc.pl\/?page_id=24478","title":{"rendered":"Aktualno\u015bci"},"content":{"rendered":"<ul class=\"wp-block-latest-posts__list has-dates wp-block-latest-posts\"><li><a class=\"wp-block-latest-posts__post-title\" href=\"https:\/\/strachocin.archidiecezja.wroc.pl\/?p=26193\">Zmar\u0142 ks. Stanis\u0142aw Paszkowski<\/a><time datetime=\"2024-06-07T05:38:49+02:00\" class=\"wp-block-latest-posts__post-date\">7 czerwca 2024<\/time><div class=\"wp-block-latest-posts__post-full-content\"><!-- wp:uagb\/info-box {\"classMigrate\":true,\"iconimgPosition\":\"left\",\"source_type\":\"image\",\"block_id\":\"f9ac10bb\",\"iconLeftMargin\":0,\"iconRightMargin\":10,\"iconTopMargin\":0,\"iconBottomMargin\":0,\"iconImage\":{\"uploading\":false,\"date\":1717730814000,\"filename\":\"ks_paszkowski_male.jpg\",\"menuOrder\":0,\"uploadedTo\":26193,\"type\":\"image\",\"subtype\":\"jpeg\",\"id\":26194,\"title\":\"ks_paszkowski_male\",\"url\":\"https:\/\/strachocin.archidiecezja.wroc.pl\/wp-content\/uploads\/2024\/06\/ks_paszkowski_male.jpg\",\"link\":\"https:\/\/strachocin.archidiecezja.wroc.pl\/?attachment_id=26194\",\"alt\":\"\",\"author\":\"1\",\"description\":\"\",\"caption\":\"\",\"name\":\"ks_paszkowski_male\",\"status\":\"inherit\",\"modified\":1717730814000,\"mime\":\"image\/jpeg\",\"icon\":\"https:\/\/strachocin.archidiecezja.wroc.pl\/wp-includes\/images\/media\/default.svg\",\"dateFormatted\":\"2024-06-07\",\"nonces\":{\"update\":\"10b9594f74\",\"delete\":\"58aca62e2a\",\"edit\":\"38ddd7eb83\"},\"editLink\":\"https:\/\/strachocin.archidiecezja.wroc.pl\/wp-admin\/post.php?post=26194\\u0026amp;action=edit\",\"meta\":false,\"authorName\":\"tomekr\",\"authorLink\":\"https:\/\/strachocin.archidiecezja.wroc.pl\/wp-admin\/profile.php\",\"uploadedToTitle\":\"Zmar\u0142 ks. pra\u0142. Stanis\u0142aw Paszkowski\",\"uploadedToLink\":\"https:\/\/strachocin.archidiecezja.wroc.pl\/wp-admin\/post.php?post=26193\\u0026amp;action=edit\",\"filesizeInBytes\":87339,\"filesizeHumanReadable\":\"85 KB\",\"context\":\"\",\"height\":536,\"width\":798,\"orientation\":\"landscape\",\"sizes\":{\"thumbnail\":{\"height\":150,\"width\":150,\"url\":\"https:\/\/strachocin.archidiecezja.wroc.pl\/wp-content\/uploads\/2024\/06\/ks_paszkowski_male-150x150.jpg\",\"orientation\":\"landscape\"},\"medium\":{\"height\":202,\"width\":300,\"url\":\"https:\/\/strachocin.archidiecezja.wroc.pl\/wp-content\/uploads\/2024\/06\/ks_paszkowski_male-300x202.jpg\",\"orientation\":\"landscape\"},\"full\":{\"url\":\"https:\/\/strachocin.archidiecezja.wroc.pl\/wp-content\/uploads\/2024\/06\/ks_paszkowski_male.jpg\",\"height\":536,\"width\":798,\"orientation\":\"landscape\"}},\"compat\":{\"item\":\"\",\"meta\":\"\"}},\"imageSize\":\"full\",\"imageWidth\":310,\"imgTagHeight\":208,\"imgTagWidth\":798,\"btnBorderTopWidth\":1,\"btnBorderLeftWidth\":1,\"btnBorderRightWidth\":1,\"btnBorderBottomWidth\":1,\"btnBorderTopLeftRadius\":0,\"btnBorderTopRightRadius\":0,\"btnBorderBottomLeftRadius\":0,\"btnBorderBottomRightRadius\":0,\"btnBorderStyle\":\"solid\",\"btnBorderColor\":\"#333\"} -->\n<div class=\"wp-block-uagb-info-box uagb-block-f9ac10bb uagb-infobox__content-wrap  uagb-infobox-icon-left uagb-infobox-left uagb-infobox-stacked-tablet uagb-infobox-image-valign-top\"><div class=\"uagb-ifb-image-content\"><img decoding=\"async\" src=\"https:\/\/i0.wp.com\/strachocin.archidiecezja.wroc.pl\/wp-content\/uploads\/2024\/06\/ks_paszkowski_male.jpg?resize=310%2C208&#038;ssl=1\" alt=\"\" width=\"310\" height=\"208\" loading=\"lazy\" data-recalc-dims=\"1\" \/><\/div><div class=\"uagb-ifb-content\"><div class=\"uagb-ifb-title-wrap\"><h3 class=\"uagb-ifb-title\"><strong>31 maja 2024 zmar\u0142 ks. pra\u0142at Stanis\u0142aw Paszkowski<\/strong><\/h3><\/div><p class=\"uagb-ifb-desc\">By\u0142 inicjatorem powstania we Wroc\u0142awiu Diecezjalnego O\u015brodka Duszpasterstwa Rodzin, w ramach kt\u00f3rego o\u015brodka funkcjonuj\u0105 m.in. Specjalistyczna Poradnia Rodzinna oraz parafialne poradnie rodzinne. <\/p><\/div><\/div>\n<!-- \/wp:uagb\/info-box -->\n\n<!-- wp:paragraph -->\n<p>Wi\u0119cej informacji mo\u017cna znale\u017a\u0107 na stronie <a href=\"https:\/\/wroclaw.gosc.pl\/doc\/8833295.Zmarl-ks-pral-Stanislaw-Paszkowski\">wroc\u0142awskiego Go\u015bcia Niedzielnego<\/a><\/p>\n<!-- \/wp:paragraph --><\/div><\/li>\n<li><a class=\"wp-block-latest-posts__post-title\" href=\"https:\/\/strachocin.archidiecezja.wroc.pl\/?p=25050\">Warsztaty empatii &#8222;Odnale\u017a\u0107 siebie w relacjach&#8221;<\/a><time datetime=\"2023-03-20T20:36:32+01:00\" class=\"wp-block-latest-posts__post-date\">20 marca 2023<\/time><div class=\"wp-block-latest-posts__post-full-content\"><!-- wp:image {\"id\":24743,\"sizeSlug\":\"large\",\"linkDestination\":\"none\"} -->\n<figure class=\"wp-block-image size-large\"><img decoding=\"async\" src=\"https:\/\/i0.wp.com\/strachocin.archidiecezja.wroc.pl\/_nowa-wp\/wp-content\/uploads\/2023\/03\/odnalezc-siebie-w-relacjach-202303.jpg?w=750&#038;ssl=1\" alt=\"Odnale\u017a\u0107 siebie w relacjach\" class=\"wp-image-24743\" data-recalc-dims=\"1\" \/><\/figure>\n<!-- \/wp:image --><\/div><\/li>\n<li><a class=\"wp-block-latest-posts__post-title\" href=\"https:\/\/strachocin.archidiecezja.wroc.pl\/?p=24889\">Kawa z Maryj\u0105 stycze\u0144-luty 2023<\/a><time datetime=\"2023-01-09T07:25:01+01:00\" class=\"wp-block-latest-posts__post-date\">9 stycznia 2023<\/time><div class=\"wp-block-latest-posts__post-full-content\"><!-- wp:image {\"id\":24888,\"sizeSlug\":\"large\",\"linkDestination\":\"none\"} -->\n<figure class=\"wp-block-image size-large\"><img loading=\"lazy\" decoding=\"async\" width=\"750\" height=\"956\" src=\"https:\/\/i0.wp.com\/strachocin.archidiecezja.wroc.pl\/_nowa-wp\/wp-content\/uploads\/2023\/01\/kawa-z-maryja-2022301-803x1024.jpg?resize=750%2C956&#038;ssl=1\" alt=\"\" class=\"wp-image-24888\" srcset=\"https:\/\/i0.wp.com\/strachocin.archidiecezja.wroc.pl\/wp-content\/uploads\/2023\/01\/kawa-z-maryja-2022301.jpg?resize=803%2C1024&amp;ssl=1 803w, https:\/\/i0.wp.com\/strachocin.archidiecezja.wroc.pl\/wp-content\/uploads\/2023\/01\/kawa-z-maryja-2022301.jpg?resize=235%2C300&amp;ssl=1 235w, https:\/\/i0.wp.com\/strachocin.archidiecezja.wroc.pl\/wp-content\/uploads\/2023\/01\/kawa-z-maryja-2022301.jpg?resize=768%2C980&amp;ssl=1 768w, https:\/\/i0.wp.com\/strachocin.archidiecezja.wroc.pl\/wp-content\/uploads\/2023\/01\/kawa-z-maryja-2022301.jpg?resize=1204%2C1536&amp;ssl=1 1204w, https:\/\/i0.wp.com\/strachocin.archidiecezja.wroc.pl\/wp-content\/uploads\/2023\/01\/kawa-z-maryja-2022301.jpg?w=1277&amp;ssl=1 1277w\" sizes=\"(max-width: 750px) 100vw, 750px\" data-recalc-dims=\"1\" \/><\/figure>\n<!-- \/wp:image --><\/div><\/li>\n<li><a class=\"wp-block-latest-posts__post-title\" href=\"https:\/\/strachocin.archidiecezja.wroc.pl\/?p=24885\">Terapia psychomotoryczna &#8211; warsztaty w grudniu<\/a><time datetime=\"2022-12-10T20:28:43+01:00\" class=\"wp-block-latest-posts__post-date\">10 grudnia 2022<\/time><div class=\"wp-block-latest-posts__post-full-content\"><!-- wp:image {\"id\":24884,\"sizeSlug\":\"full\",\"linkDestination\":\"none\"} -->\n<figure class=\"wp-block-image size-full\"><img loading=\"lazy\" decoding=\"async\" width=\"615\" height=\"871\" src=\"https:\/\/i0.wp.com\/strachocin.archidiecezja.wroc.pl\/_nowa-wp\/wp-content\/uploads\/2022\/12\/Warsztaty-plakat-2022.12.10-1.jpg?resize=615%2C871&#038;ssl=1\" alt=\"\" class=\"wp-image-24884\" srcset=\"https:\/\/i0.wp.com\/strachocin.archidiecezja.wroc.pl\/wp-content\/uploads\/2022\/12\/Warsztaty-plakat-2022.12.10-1.jpg?w=615&amp;ssl=1 615w, https:\/\/i0.wp.com\/strachocin.archidiecezja.wroc.pl\/wp-content\/uploads\/2022\/12\/Warsztaty-plakat-2022.12.10-1.jpg?resize=212%2C300&amp;ssl=1 212w\" sizes=\"(max-width: 615px) 100vw, 615px\" data-recalc-dims=\"1\" \/><\/figure>\n<!-- \/wp:image --><\/div><\/li>\n<li><a class=\"wp-block-latest-posts__post-title\" href=\"https:\/\/strachocin.archidiecezja.wroc.pl\/?p=24749\">Kawa z Maryj\u0105 wrzesie\u0144-pa\u017adziernik 2022<\/a><time datetime=\"2022-10-11T21:36:43+02:00\" class=\"wp-block-latest-posts__post-date\">11 pa\u017adziernika 2022<\/time><div class=\"wp-block-latest-posts__post-full-content\"><!-- wp:image {\"id\":24739,\"sizeSlug\":\"large\",\"linkDestination\":\"none\"} -->\n<figure class=\"wp-block-image size-large\"><img loading=\"lazy\" decoding=\"async\" width=\"730\" height=\"1024\" src=\"https:\/\/i0.wp.com\/strachocin.archidiecezja.wroc.pl\/_nowa-wp\/wp-content\/uploads\/2022\/10\/kawa-z-maryja-202210-730x1024.jpg?resize=730%2C1024&#038;ssl=1\" alt=\"Kawa z Maryj\u0105 10.2022\" class=\"wp-image-24739\" srcset=\"https:\/\/i0.wp.com\/strachocin.archidiecezja.wroc.pl\/wp-content\/uploads\/2022\/10\/kawa-z-maryja-202210.jpg?resize=730%2C1024&amp;ssl=1 730w, https:\/\/i0.wp.com\/strachocin.archidiecezja.wroc.pl\/wp-content\/uploads\/2022\/10\/kawa-z-maryja-202210.jpg?resize=214%2C300&amp;ssl=1 214w, https:\/\/i0.wp.com\/strachocin.archidiecezja.wroc.pl\/wp-content\/uploads\/2022\/10\/kawa-z-maryja-202210.jpg?resize=768%2C1077&amp;ssl=1 768w, https:\/\/i0.wp.com\/strachocin.archidiecezja.wroc.pl\/wp-content\/uploads\/2022\/10\/kawa-z-maryja-202210.jpg?resize=1096%2C1536&amp;ssl=1 1096w, https:\/\/i0.wp.com\/strachocin.archidiecezja.wroc.pl\/wp-content\/uploads\/2022\/10\/kawa-z-maryja-202210.jpg?w=1276&amp;ssl=1 1276w\" sizes=\"(max-width: 730px) 100vw, 730px\" data-recalc-dims=\"1\" \/><\/figure>\n<!-- \/wp:image --><\/div><\/li>\n<\/ul>","protected":false},"excerpt":{"rendered":"","protected":false},"author":1,"featured_media":0,"parent":104,"menu_order":0,"comment_status":"closed","ping_status":"closed","template":"","meta":{"_uag_custom_page_level_css":"","ngg_post_thumbnail":0,"footnotes":""},"uagb_featured_image_src":{"full":false,"thumbnail":false,"medium":false,"medium_large":false,"large":false,"1536x1536":false,"2048x2048":false,"hestia-blog":false},"uagb_author_info":{"display_name":"tomekr","author_link":"https:\/\/strachocin.archidiecezja.wroc.pl\/?author=1"},"uagb_comment_info":0,"uagb_excerpt":null,"_links":{"self":[{"href":"https:\/\/strachocin.archidiecezja.wroc.pl\/index.php?rest_route=\/wp\/v2\/pages\/24478"}],"collection":[{"href":"https:\/\/strachocin.archidiecezja.wroc.pl\/index.php?rest_route=\/wp\/v2\/pages"}],"about":[{"href":"https:\/\/strachocin.archidiecezja.wroc.pl\/index.php?rest_route=\/wp\/v2\/types\/page"}],"author":[{"embeddable":true,"href":"https:\/\/strachocin.archidiecezja.wroc.pl\/index.php?rest_route=\/wp\/v2\/users\/1"}],"replies":[{"embeddable":true,"href":"https:\/\/strachocin.archidiecezja.wroc.pl\/index.php?rest_route=%2Fwp%2Fv2%2Fcomments&post=24478"}],"version-history":[{"count":0,"href":"https:\/\/strachocin.archidiecezja.wroc.pl\/index.php?rest_route=\/wp\/v2\/pages\/24478\/revisions"}],"up":[{"embeddable":true,"href":"https:\/\/strachocin.archidiecezja.wroc.pl\/index.php?rest_route=\/wp\/v2\/pages\/104"}],"wp:attachment":[{"href":"https:\/\/strachocin.archidiecezja.wroc.pl\/index.php?rest_route=%2Fwp%2Fv2%2Fmedia&parent=24478"}],"curies":[{"name":"wp","href":"https:\/\/api.w.org\/{rel}","templated":true}]}}