{"id":24254,"date":"2020-10-08T07:43:07","date_gmt":"2020-10-08T07:43:07","guid":{"rendered":"http:\/\/strachocin.archidiecezja.wroc.pl\/_nowa-wp\/?page_id=24254"},"modified":"2023-09-11T08:34:19","modified_gmt":"2023-09-11T06:34:19","slug":"all-courses","status":"publish","type":"page","link":"https:\/\/strachocin.archidiecezja.wroc.pl\/?page_id=24254","title":{"rendered":"Og\u0142oszenia parafialne"},"content":{"rendered":"<ul class=\"wp-block-latest-posts__list has-dates wp-block-latest-posts\"><li><div class=\"wp-block-latest-posts__featured-image\"><img loading=\"lazy\" decoding=\"async\" width=\"278\" height=\"300\" src=\"https:\/\/i0.wp.com\/strachocin.archidiecezja.wroc.pl\/wp-content\/uploads\/2023\/03\/ogloszenia-parafia.png?fit=278%2C300&amp;ssl=1\" class=\"attachment-medium size-medium wp-post-image\" alt=\"\" style=\"\" srcset=\"https:\/\/i0.wp.com\/strachocin.archidiecezja.wroc.pl\/wp-content\/uploads\/2023\/03\/ogloszenia-parafia.png?w=615&amp;ssl=1 615w, https:\/\/i0.wp.com\/strachocin.archidiecezja.wroc.pl\/wp-content\/uploads\/2023\/03\/ogloszenia-parafia.png?resize=278%2C300&amp;ssl=1 278w\" sizes=\"(max-width: 278px) 100vw, 278px\" \/><\/div><a class=\"wp-block-latest-posts__post-title\" href=\"https:\/\/strachocin.archidiecezja.wroc.pl\/?p=27417\">OG\u0141OSZENIA PARAFIALNE &#8211; 5 Niedziela WIELKANOCNA &#8211; 3 maja 2026 r.<\/a><time datetime=\"2026-05-01T13:05:33+02:00\" class=\"wp-block-latest-posts__post-date\">1 maja 2026<\/time><div class=\"wp-block-latest-posts__post-full-content\"><!-- wp:list {\"ordered\":true} -->\n<ol><!-- wp:list-item -->\n<li>Dzi\u015b:<\/li>\n<!-- \/wp:list-item --><\/ol>\n<!-- \/wp:list -->\n\n<!-- wp:list -->\n<ul><!-- wp:list-item -->\n<li>przed Msz\u0105 \u015bw. o godz. 9.30 zmiana Tajemnic R\u00f3\u017ca\u0144cowych;<\/li>\n<!-- \/wp:list-item -->\n\n<!-- wp:list-item -->\n<li>po Mszy \u015bw. o godz. 12.30 adoracja Naj\u015bwi\u0119tszego Sakramentu,<\/li>\n<!-- \/wp:list-item -->\n\n<!-- wp:list-item -->\n<li>o godz. 17.30 nabo\u017ce\u0144stwo majowe<\/li>\n<!-- \/wp:list-item -->\n\n<!-- wp:list-item -->\n<li>o godz. 19.00 spotkanie kandydat\u00f3w do bierzmowania (grupa m\u0142odsza).<\/li>\n<!-- \/wp:list-item --><\/ul>\n<!-- \/wp:list -->\n\n<!-- wp:list {\"ordered\":true} -->\n<ol><!-- wp:list-item -->\n<li>Adoracja Naj\u015bwi\u0119tszego Sakramentu:<\/li>\n<!-- \/wp:list-item --><\/ol>\n<!-- \/wp:list -->\n\n<!-- wp:list -->\n<ul><!-- wp:list-item -->\n<li>w poniedzia\u0142ek, wtorek i \u015brod\u0119 od Mszy \u015bw. wieczornej do 21.30,<\/li>\n<!-- \/wp:list-item -->\n\n<!-- wp:list-item -->\n<li>w czwartek od 15.00 do 18.00.<br>We wtorek podczas adoracji dy\u017cur modlitwy wstawienniczej.<\/li>\n<!-- \/wp:list-item --><\/ul>\n<!-- \/wp:list -->\n\n<!-- wp:list {\"ordered\":true} -->\n<ol><!-- wp:list-item -->\n<li>Nabo\u017ce\u0144stwo majowe odprawiamy:<br>w poniedzia\u0142ek, wtorek i \u015brod\u0105 po Mszach \u015bw. o godz. 18.00<br>w czwartek, pi\u0119tek i sobot\u0119 po Mszach \u015bw. o godz. 9.00.<br>w niedziele o godz. 17.30.<\/li>\n<!-- \/wp:list-item -->\n\n<!-- wp:list-item -->\n<li>Wsp\u00f3lnota Emaus zaprasza na uwielbienie w czwartek o godz. 19.00.<\/li>\n<!-- \/wp:list-item -->\n\n<!-- wp:list-item -->\n<li>Dzieci i m\u0142odzie\u017c zapraszamy na Msz\u0119 \u015bw. i spotkania w pi\u0105tek o godz. 18.00.<\/li>\n<!-- \/wp:list-item -->\n\n<!-- wp:list-item -->\n<li>Senior\u00f3w zapraszamy na spotkanie w sobot\u0119 o godz. 10.00.<\/li>\n<!-- \/wp:list-item -->\n\n<!-- wp:list-item -->\n<li>Zapraszamy na Dzie\u0144 Skupienia \u201ePod Sercem Maryi\u201d, kt\u00f3ry odb\u0119dzie si\u0119 w sobot\u0119 9 maja 2026 roku w godzinach od 12.00 do 21.00.<br>R\u00f3wnolegle do Dnia Skupienia odb\u0119d\u0105 si\u0119 dwudniowe Warsztaty muzyczne 8-9 maja 2026 r., kt\u00f3re poprowadzi pan Kuba Tomalak. Szczeg\u00f3\u0142owe informacje na stronie internetowej parafii.<\/li>\n<!-- \/wp:list-item -->\n\n<!-- wp:list-item -->\n<li>Kandydat\u00f3w do bierzmowania, grup\u0119 starsz\u0105, zapraszamy na spotkanie w przysz\u0142\u0105 niedziel\u0119 o godz. 19.00.<\/li>\n<!-- \/wp:list-item --><\/ol>\n<!-- \/wp:list -->\n\n<!-- wp:paragraph -->\n<p>10.W przysz\u0142\u0105 niedziel\u0119 o godz. 11.00 grupa dzieci przyst\u0105pi do I Komunii \u015bw.<br>Pr\u00f3by przed uroczysto\u015bci\u0105 w poniedzia\u0142ek i \u015brod\u0119 o godz. 17.00. Spowied\u017a w sobot\u0119 od godz. 9.30 do 11.00.<br>Uroczysto\u015bci I Komunii \u015bw. b\u0119d\u0105 r\u00f3wnie\u017c 17 oraz 24 maja. Natomiast Rocznica I Komunii \u015bw. b\u0119dzie 31 maja.<\/p>\n<!-- \/wp:paragraph -->\n\n<!-- wp:list {\"ordered\":true,\"start\":11} -->\n<ol start=\"11\"><!-- wp:list-item -->\n<li>Spotkanie Biblijne \u2013 Us\u0142ysze\u0107 S\u0142owo b\u0119dzie 13 maja o godz. 19.15. Zapraszamy r\u00f3wnie\u017c na kolejne spotkanie Kursu Biblijnego 20 maja o godz. 19.00. Us\u0142yszymy wyk\u0142ad ks. S\u0142awomira Stasiaka o Ksi\u0119dze Proroka Daniela.<\/li>\n<!-- \/wp:list-item -->\n\n<!-- wp:list-item -->\n<li>Poradnia Rodzinna zaprasza na cykl warsztat\u00f3w dla kobiet z elementami ruchu, pt. &#8222;Rozwin\u0105\u0107 skrzyd\u0142a&#8221;, kt\u00f3re rozpoczn\u0105 si\u0119 od wtorku 19 maja o godz. 19.00.<br>Informacje na plakacie, zapisy drog\u0105 e-mail lub sms.<\/li>\n<!-- \/wp:list-item --><\/ol>\n<!-- \/wp:list --><\/div><\/li>\n<\/ul>\n\n<ul class=\"wp-block-latest-posts__list has-dates wp-block-latest-posts\"><li><div class=\"wp-block-latest-posts__featured-image alignleft\"><img loading=\"lazy\" decoding=\"async\" width=\"278\" height=\"300\" src=\"https:\/\/i0.wp.com\/strachocin.archidiecezja.wroc.pl\/wp-content\/uploads\/2023\/03\/ogloszenia-parafia.png?fit=278%2C300&amp;ssl=1\" class=\"attachment-medium size-medium wp-post-image\" alt=\"\" style=\"max-width:38px;max-height:32px;\" srcset=\"https:\/\/i0.wp.com\/strachocin.archidiecezja.wroc.pl\/wp-content\/uploads\/2023\/03\/ogloszenia-parafia.png?w=615&amp;ssl=1 615w, https:\/\/i0.wp.com\/strachocin.archidiecezja.wroc.pl\/wp-content\/uploads\/2023\/03\/ogloszenia-parafia.png?resize=278%2C300&amp;ssl=1 278w\" sizes=\"(max-width: 278px) 100vw, 278px\" \/><\/div><a class=\"wp-block-latest-posts__post-title\" href=\"https:\/\/strachocin.archidiecezja.wroc.pl\/?p=27417\">OG\u0141OSZENIA PARAFIALNE &#8211; 5 Niedziela WIELKANOCNA &#8211; 3 maja 2026 r.<\/a><time datetime=\"2026-05-01T13:05:33+02:00\" class=\"wp-block-latest-posts__post-date\">1 maja 2026<\/time><\/li>\n<li><div class=\"wp-block-latest-posts__featured-image alignleft\"><img loading=\"lazy\" decoding=\"async\" width=\"278\" height=\"300\" src=\"https:\/\/i0.wp.com\/strachocin.archidiecezja.wroc.pl\/wp-content\/uploads\/2023\/03\/ogloszenia-parafia.png?fit=278%2C300&amp;ssl=1\" class=\"attachment-medium size-medium wp-post-image\" alt=\"\" style=\"max-width:38px;max-height:32px;\" srcset=\"https:\/\/i0.wp.com\/strachocin.archidiecezja.wroc.pl\/wp-content\/uploads\/2023\/03\/ogloszenia-parafia.png?w=615&amp;ssl=1 615w, https:\/\/i0.wp.com\/strachocin.archidiecezja.wroc.pl\/wp-content\/uploads\/2023\/03\/ogloszenia-parafia.png?resize=278%2C300&amp;ssl=1 278w\" sizes=\"(max-width: 278px) 100vw, 278px\" \/><\/div><a class=\"wp-block-latest-posts__post-title\" href=\"https:\/\/strachocin.archidiecezja.wroc.pl\/?p=27405\">OG\u0141OSZENIA PARAFIALNE &#8211; 4 Niedziela WIELKANOCNA &#8211; 26 kwietnia 2026 r.<\/a><time datetime=\"2026-04-25T23:13:22+02:00\" class=\"wp-block-latest-posts__post-date\">25 kwietnia 2026<\/time><\/li>\n<li><div class=\"wp-block-latest-posts__featured-image alignleft\"><img loading=\"lazy\" decoding=\"async\" width=\"278\" height=\"300\" src=\"https:\/\/i0.wp.com\/strachocin.archidiecezja.wroc.pl\/wp-content\/uploads\/2023\/03\/ogloszenia-parafia.png?fit=278%2C300&amp;ssl=1\" class=\"attachment-medium size-medium wp-post-image\" alt=\"\" style=\"max-width:38px;max-height:32px;\" srcset=\"https:\/\/i0.wp.com\/strachocin.archidiecezja.wroc.pl\/wp-content\/uploads\/2023\/03\/ogloszenia-parafia.png?w=615&amp;ssl=1 615w, https:\/\/i0.wp.com\/strachocin.archidiecezja.wroc.pl\/wp-content\/uploads\/2023\/03\/ogloszenia-parafia.png?resize=278%2C300&amp;ssl=1 278w\" sizes=\"(max-width: 278px) 100vw, 278px\" \/><\/div><a class=\"wp-block-latest-posts__post-title\" href=\"https:\/\/strachocin.archidiecezja.wroc.pl\/?p=27388\">OG\u0141OSZENIA PARAFIALNE &#8211; 3 Niedziela WIELKANOCNA &#8211; 19 kwietnia 2026 r.<\/a><time datetime=\"2026-04-18T16:39:53+02:00\" class=\"wp-block-latest-posts__post-date\">18 kwietnia 2026<\/time><\/li>\n<li><div class=\"wp-block-latest-posts__featured-image alignleft\"><img loading=\"lazy\" decoding=\"async\" width=\"278\" height=\"300\" src=\"https:\/\/i0.wp.com\/strachocin.archidiecezja.wroc.pl\/wp-content\/uploads\/2023\/03\/ogloszenia-parafia.png?fit=278%2C300&amp;ssl=1\" class=\"attachment-medium size-medium wp-post-image\" alt=\"\" style=\"max-width:38px;max-height:32px;\" srcset=\"https:\/\/i0.wp.com\/strachocin.archidiecezja.wroc.pl\/wp-content\/uploads\/2023\/03\/ogloszenia-parafia.png?w=615&amp;ssl=1 615w, https:\/\/i0.wp.com\/strachocin.archidiecezja.wroc.pl\/wp-content\/uploads\/2023\/03\/ogloszenia-parafia.png?resize=278%2C300&amp;ssl=1 278w\" sizes=\"(max-width: 278px) 100vw, 278px\" \/><\/div><a class=\"wp-block-latest-posts__post-title\" href=\"https:\/\/strachocin.archidiecezja.wroc.pl\/?p=27378\">OG\u0141OSZENIA PARAFIALNE &#8211; 2 Niedziela WIELKANOCNA &#8211; 12 kwietnia 2026 r.<\/a><time datetime=\"2026-04-11T22:40:22+02:00\" class=\"wp-block-latest-posts__post-date\">11 kwietnia 2026<\/time><\/li>\n<li><div class=\"wp-block-latest-posts__featured-image alignleft\"><img loading=\"lazy\" decoding=\"async\" width=\"278\" height=\"300\" src=\"https:\/\/i0.wp.com\/strachocin.archidiecezja.wroc.pl\/wp-content\/uploads\/2023\/03\/ogloszenia-parafia.png?fit=278%2C300&amp;ssl=1\" class=\"attachment-medium size-medium wp-post-image\" alt=\"\" style=\"max-width:38px;max-height:32px;\" srcset=\"https:\/\/i0.wp.com\/strachocin.archidiecezja.wroc.pl\/wp-content\/uploads\/2023\/03\/ogloszenia-parafia.png?w=615&amp;ssl=1 615w, https:\/\/i0.wp.com\/strachocin.archidiecezja.wroc.pl\/wp-content\/uploads\/2023\/03\/ogloszenia-parafia.png?resize=278%2C300&amp;ssl=1 278w\" sizes=\"(max-width: 278px) 100vw, 278px\" \/><\/div><a class=\"wp-block-latest-posts__post-title\" href=\"https:\/\/strachocin.archidiecezja.wroc.pl\/?p=27360\">OG\u0141OSZENIA PARAFIALNE &#8211; Niedziela Zmartwychwstania Pa\u0144skiego &#8211; 5 kwietnia 2026 r.<\/a><time datetime=\"2026-04-05T02:36:06+02:00\" class=\"wp-block-latest-posts__post-date\">5 kwietnia 2026<\/time><\/li>\n<\/ul>","protected":false},"excerpt":{"rendered":"","protected":false},"author":1,"featured_media":0,"parent":24829,"menu_order":1,"comment_status":"closed","ping_status":"closed","template":"","meta":{"_uag_custom_page_level_css":"","ngg_post_thumbnail":0,"footnotes":""},"uagb_featured_image_src":{"full":false,"thumbnail":false,"medium":false,"medium_large":false,"large":false,"1536x1536":false,"2048x2048":false,"hestia-blog":false},"uagb_author_info":{"display_name":"tomekr","author_link":"https:\/\/strachocin.archidiecezja.wroc.pl\/?author=1"},"uagb_comment_info":0,"uagb_excerpt":null,"_links":{"self":[{"href":"https:\/\/strachocin.archidiecezja.wroc.pl\/index.php?rest_route=\/wp\/v2\/pages\/24254"}],"collection":[{"href":"https:\/\/strachocin.archidiecezja.wroc.pl\/index.php?rest_route=\/wp\/v2\/pages"}],"about":[{"href":"https:\/\/strachocin.archidiecezja.wroc.pl\/index.php?rest_route=\/wp\/v2\/types\/page"}],"author":[{"embeddable":true,"href":"https:\/\/strachocin.archidiecezja.wroc.pl\/index.php?rest_route=\/wp\/v2\/users\/1"}],"replies":[{"embeddable":true,"href":"https:\/\/strachocin.archidiecezja.wroc.pl\/index.php?rest_route=%2Fwp%2Fv2%2Fcomments&post=24254"}],"version-history":[{"count":2,"href":"https:\/\/strachocin.archidiecezja.wroc.pl\/index.php?rest_route=\/wp\/v2\/pages\/24254\/revisions"}],"predecessor-version":[{"id":25308,"href":"https:\/\/strachocin.archidiecezja.wroc.pl\/index.php?rest_route=\/wp\/v2\/pages\/24254\/revisions\/25308"}],"up":[{"embeddable":true,"href":"https:\/\/strachocin.archidiecezja.wroc.pl\/index.php?rest_route=\/wp\/v2\/pages\/24829"}],"wp:attachment":[{"href":"https:\/\/strachocin.archidiecezja.wroc.pl\/index.php?rest_route=%2Fwp%2Fv2%2Fmedia&parent=24254"}],"curies":[{"name":"wp","href":"https:\/\/api.w.org\/{rel}","templated":true}]}}