{"id":2,"date":"2021-12-12T20:59:42","date_gmt":"2021-12-12T19:59:42","guid":{"rendered":"http:\/\/strachocin.archidiecezja.wroc.pl\/_nowa-wp\/?page_id=2"},"modified":"2023-01-25T20:37:33","modified_gmt":"2023-01-25T19:37:33","slug":"przykladowa-strona","status":"publish","type":"page","link":"https:\/\/strachocin.archidiecezja.wroc.pl\/?page_id=2","title":{"rendered":"Budowa ko\u015bcio\u0142a"},"content":{"rendered":"\n\t<div class=\"ngg-albumoverview default-view\">\n\t\t\t\t\t<div class=\"ngg-album-compact\">\n\t\t\t\t<div class=\"ngg-album-compactbox\">\n\t\t\t\t\t<div class=\"ngg-album-link\">\n\t\t\t\t\t\t\t\t\t\t\t\t\t\t\t\t\t\t\t\t\t<a title='budowa-ko\u015bcio\u0142a-wizualizacje' href='https:\/\/strachocin.archidiecezja.wroc.pl\/index.php\/nggallery\/budowa-kosciola\/budowa-kosciola-wizualizacje?page_id=2'>\n\t\t\t\t\t\t\t\t\t<img class=\"Thumb\"\n\t\t\t\t\t\t\t\t\t\talt=\"budowa-ko\u015bcio\u0142a-wizualizacje\"\n\t\t\t\t\t\t\t\t\t\tsrc=\"https:\/\/strachocin.archidiecezja.wroc.pl\/wp-content\/gallery\/budowa-kosciola-wizualizacje\/cache\/wizualizacje_2.jpg-nggid011-ngg0dyn-240x160x100-00f0w010c011r110f110r010t010.jpg\"\/>\n\t\t\t\t\t\t\t\t<\/a>\n\t\t\t\t\t\t\t\t\t\t\t\t\t\t\t\t\t\t<\/div>\n\t\t\t\t<\/div>\n\t\t\t\t\t\t\t\t<h4>\n\t\t\t\t\t<a class='ngg-album-desc' \n\t\t\t\t\ttitle='budowa-ko\u015bcio\u0142a-wizualizacje' href='https:\/\/strachocin.archidiecezja.wroc.pl\/index.php\/nggallery\/budowa-kosciola\/budowa-kosciola-wizualizacje?page_id=2'style=\"max-width: 260px\"\t\t\t\t\t>\n\t\t\t\t\t\tbudowa-ko\u015bcio\u0142a-wizualizacje\t\t\t\t\t<\/a>\n\t\t\t\t<\/h4>\n\t\t\t\t<p class=\"ngg-album-gallery-image-counter\">\n\t\t\t\t\t\t\t\t\t\t\t<strong>9<\/strong>&nbsp;Zdj\u0119\u0107\t\t\t\t\t\t\t\t\t<\/p>\n\t\t\t<\/div>\n\t\t\t\t\t<div class=\"ngg-album-compact\">\n\t\t\t\t<div class=\"ngg-album-compactbox\">\n\t\t\t\t\t<div class=\"ngg-album-link\">\n\t\t\t\t\t\t\t\t\t\t\t\t\t\t\t\t\t\t\t\t\t<a title='Budowa ko\u015bcio\u0142a 2014.02 - fundamenty' href='https:\/\/strachocin.archidiecezja.wroc.pl\/index.php\/nggallery\/budowa-kosciola\/budowa-kosciola-2014-02-fundamenty?page_id=2'>\n\t\t\t\t\t\t\t\t\t<img class=\"Thumb\"\n\t\t\t\t\t\t\t\t\t\talt=\"Budowa ko\u015bcio\u0142a 2014.02 - fundamenty\"\n\t\t\t\t\t\t\t\t\t\tsrc=\"https:\/\/strachocin.archidiecezja.wroc.pl\/wp-content\/gallery\/budowa-kosciola-fundamenty\/cache\/fundamenty_04.jpg-nggid0231-ngg0dyn-240x160x100-00f0w010c011r110f110r010t010.jpg\"\/>\n\t\t\t\t\t\t\t\t<\/a>\n\t\t\t\t\t\t\t\t\t\t\t\t\t\t\t\t\t\t<\/div>\n\t\t\t\t<\/div>\n\t\t\t\t\t\t\t\t<h4>\n\t\t\t\t\t<a class='ngg-album-desc' \n\t\t\t\t\ttitle='Budowa ko\u015bcio\u0142a 2014.02 - fundamenty' href='https:\/\/strachocin.archidiecezja.wroc.pl\/index.php\/nggallery\/budowa-kosciola\/budowa-kosciola-2014-02-fundamenty?page_id=2'style=\"max-width: 260px\"\t\t\t\t\t>\n\t\t\t\t\t\tBudowa ko\u015bcio\u0142a 2014.02 - fundamenty\t\t\t\t\t<\/a>\n\t\t\t\t<\/h4>\n\t\t\t\t<p class=\"ngg-album-gallery-image-counter\">\n\t\t\t\t\t\t\t\t\t\t\t<strong>25<\/strong>&nbsp;Zdj\u0119\u0107\t\t\t\t\t\t\t\t\t<\/p>\n\t\t\t<\/div>\n\t\t\t\t\t<div class=\"ngg-album-compact\">\n\t\t\t\t<div class=\"ngg-album-compactbox\">\n\t\t\t\t\t<div class=\"ngg-album-link\">\n\t\t\t\t\t\t\t\t\t\t\t\t\t\t\t\t\t\t\t\t\t<a title='Budowa ko\u015bcio\u0142a 2014.08 - \u015bciany' href='https:\/\/strachocin.archidiecezja.wroc.pl\/index.php\/nggallery\/budowa-kosciola\/budowa-kosciola-2014-08-sciany?page_id=2'>\n\t\t\t\t\t\t\t\t\t<img class=\"Thumb\"\n\t\t\t\t\t\t\t\t\t\talt=\"Budowa ko\u015bcio\u0142a 2014.08 - \u015bciany\"\n\t\t\t\t\t\t\t\t\t\tsrc=\"https:\/\/strachocin.archidiecezja.wroc.pl\/wp-content\/gallery\/budowa-kosciola-2014-08-sciany\/cache\/sciany_01.jpg-nggid0256-ngg0dyn-240x160x100-00f0w010c011r110f110r010t010.jpg\"\/>\n\t\t\t\t\t\t\t\t<\/a>\n\t\t\t\t\t\t\t\t\t\t\t\t\t\t\t\t\t\t<\/div>\n\t\t\t\t<\/div>\n\t\t\t\t\t\t\t\t<h4>\n\t\t\t\t\t<a class='ngg-album-desc' \n\t\t\t\t\ttitle='Budowa ko\u015bcio\u0142a 2014.08 - \u015bciany' href='https:\/\/strachocin.archidiecezja.wroc.pl\/index.php\/nggallery\/budowa-kosciola\/budowa-kosciola-2014-08-sciany?page_id=2'style=\"max-width: 260px\"\t\t\t\t\t>\n\t\t\t\t\t\tBudowa ko\u015bcio\u0142a 2014.08 - \u015bciany\t\t\t\t\t<\/a>\n\t\t\t\t<\/h4>\n\t\t\t\t<p class=\"ngg-album-gallery-image-counter\">\n\t\t\t\t\t\t\t\t\t\t\t<strong>24<\/strong>&nbsp;Zdj\u0119\u0107\t\t\t\t\t\t\t\t\t<\/p>\n\t\t\t<\/div>\n\t\t\t\t\t<div class=\"ngg-album-compact\">\n\t\t\t\t<div class=\"ngg-album-compactbox\">\n\t\t\t\t\t<div class=\"ngg-album-link\">\n\t\t\t\t\t\t\t\t\t\t\t\t\t\t\t\t\t\t\t\t\t<a title='Budowa ko\u015bcio\u0142a 2015.09 - dach' href='https:\/\/strachocin.archidiecezja.wroc.pl\/index.php\/nggallery\/budowa-kosciola\/budowa-kosciola-2015-09-dach?page_id=2'>\n\t\t\t\t\t\t\t\t\t<img class=\"Thumb\"\n\t\t\t\t\t\t\t\t\t\talt=\"Budowa ko\u015bcio\u0142a 2015.09 - dach\"\n\t\t\t\t\t\t\t\t\t\tsrc=\"https:\/\/strachocin.archidiecezja.wroc.pl\/wp-content\/gallery\/budowa-kosciola-2015-09-dach\/cache\/dach_05.jpg-nggid0280-ngg0dyn-240x160x100-00f0w010c011r110f110r010t010.jpg\"\/>\n\t\t\t\t\t\t\t\t<\/a>\n\t\t\t\t\t\t\t\t\t\t\t\t\t\t\t\t\t\t<\/div>\n\t\t\t\t<\/div>\n\t\t\t\t\t\t\t\t<h4>\n\t\t\t\t\t<a class='ngg-album-desc' \n\t\t\t\t\ttitle='Budowa ko\u015bcio\u0142a 2015.09 - dach' href='https:\/\/strachocin.archidiecezja.wroc.pl\/index.php\/nggallery\/budowa-kosciola\/budowa-kosciola-2015-09-dach?page_id=2'style=\"max-width: 260px\"\t\t\t\t\t>\n\t\t\t\t\t\tBudowa ko\u015bcio\u0142a 2015.09 - dach\t\t\t\t\t<\/a>\n\t\t\t\t<\/h4>\n\t\t\t\t<p class=\"ngg-album-gallery-image-counter\">\n\t\t\t\t\t\t\t\t\t\t\t<strong>9<\/strong>&nbsp;Zdj\u0119\u0107\t\t\t\t\t\t\t\t\t<\/p>\n\t\t\t<\/div>\n\t\t\t\t\t<div class=\"ngg-album-compact\">\n\t\t\t\t<div class=\"ngg-album-compactbox\">\n\t\t\t\t\t<div class=\"ngg-album-link\">\n\t\t\t\t\t\t\t\t\t\t\t\t\t\t\t\t\t\t\t\t\t<a title='Budowa ko\u015bcio\u0142a 2016.04 - okna' href='https:\/\/strachocin.archidiecezja.wroc.pl\/index.php\/nggallery\/budowa-kosciola\/budowa-kosciola-2016-04-okna?page_id=2'>\n\t\t\t\t\t\t\t\t\t<img class=\"Thumb\"\n\t\t\t\t\t\t\t\t\t\talt=\"Budowa ko\u015bcio\u0142a 2016.04 - okna\"\n\t\t\t\t\t\t\t\t\t\tsrc=\"https:\/\/strachocin.archidiecezja.wroc.pl\/wp-content\/gallery\/budowa-kosciola-2016-04-okna\/cache\/okna_03.jpg-nggid0289-ngg0dyn-240x160x100-00f0w010c011r110f110r010t010.jpg\"\/>\n\t\t\t\t\t\t\t\t<\/a>\n\t\t\t\t\t\t\t\t\t\t\t\t\t\t\t\t\t\t<\/div>\n\t\t\t\t<\/div>\n\t\t\t\t\t\t\t\t<h4>\n\t\t\t\t\t<a class='ngg-album-desc' \n\t\t\t\t\ttitle='Budowa ko\u015bcio\u0142a 2016.04 - okna' href='https:\/\/strachocin.archidiecezja.wroc.pl\/index.php\/nggallery\/budowa-kosciola\/budowa-kosciola-2016-04-okna?page_id=2'style=\"max-width: 260px\"\t\t\t\t\t>\n\t\t\t\t\t\tBudowa ko\u015bcio\u0142a 2016.04 - okna\t\t\t\t\t<\/a>\n\t\t\t\t<\/h4>\n\t\t\t\t<p class=\"ngg-album-gallery-image-counter\">\n\t\t\t\t\t\t\t\t\t\t\t<strong>10<\/strong>&nbsp;Zdj\u0119\u0107\t\t\t\t\t\t\t\t\t<\/p>\n\t\t\t<\/div>\n\t\t\t\t\t<div class=\"ngg-album-compact\">\n\t\t\t\t<div class=\"ngg-album-compactbox\">\n\t\t\t\t\t<div class=\"ngg-album-link\">\n\t\t\t\t\t\t\t\t\t\t\t\t\t\t\t\t\t\t\t\t\t<a title='Budowa ko\u015bcio\u0142a 2017' href='https:\/\/strachocin.archidiecezja.wroc.pl\/index.php\/nggallery\/budowa-kosciola\/budowa-kosciola-2017?page_id=2'>\n\t\t\t\t\t\t\t\t\t<img class=\"Thumb\"\n\t\t\t\t\t\t\t\t\t\talt=\"Budowa ko\u015bcio\u0142a 2017\"\n\t\t\t\t\t\t\t\t\t\tsrc=\"https:\/\/strachocin.archidiecezja.wroc.pl\/wp-content\/gallery\/budowa-kosciola-2017\/cache\/wieza_1.jpg-nggid0294-ngg0dyn-240x160x100-00f0w010c011r110f110r010t010.jpg\"\/>\n\t\t\t\t\t\t\t\t<\/a>\n\t\t\t\t\t\t\t\t\t\t\t\t\t\t\t\t\t\t<\/div>\n\t\t\t\t<\/div>\n\t\t\t\t\t\t\t\t<h4>\n\t\t\t\t\t<a class='ngg-album-desc' \n\t\t\t\t\ttitle='Budowa ko\u015bcio\u0142a 2017' href='https:\/\/strachocin.archidiecezja.wroc.pl\/index.php\/nggallery\/budowa-kosciola\/budowa-kosciola-2017?page_id=2'style=\"max-width: 260px\"\t\t\t\t\t>\n\t\t\t\t\t\tBudowa ko\u015bcio\u0142a 2017\t\t\t\t\t<\/a>\n\t\t\t\t<\/h4>\n\t\t\t\t<p class=\"ngg-album-gallery-image-counter\">\n\t\t\t\t\t\t\t\t\t\t\t<strong>6<\/strong>&nbsp;Zdj\u0119\u0107\t\t\t\t\t\t\t\t\t<\/p>\n\t\t\t<\/div>\n\t\t\t\t\t<div class=\"ngg-album-compact\">\n\t\t\t\t<div class=\"ngg-album-compactbox\">\n\t\t\t\t\t<div class=\"ngg-album-link\">\n\t\t\t\t\t\t\t\t\t\t\t\t\t\t\t\t\t\t\t\t\t<a title='Budowa ko\u015bcio\u0142a 2020.05 - wn\u0119trze' href='https:\/\/strachocin.archidiecezja.wroc.pl\/index.php\/nggallery\/budowa-kosciola\/budowa-kosciola-2020-05-wnetrze?page_id=2'>\n\t\t\t\t\t\t\t\t\t<img class=\"Thumb\"\n\t\t\t\t\t\t\t\t\t\talt=\"Budowa ko\u015bcio\u0142a 2020.05 - wn\u0119trze\"\n\t\t\t\t\t\t\t\t\t\tsrc=\"https:\/\/strachocin.archidiecezja.wroc.pl\/wp-content\/gallery\/budowa-kosciola-zdjecia\/cache\/Wnetrze_panor_oltarz.jpg-nggid0222-ngg0dyn-240x160x100-00f0w010c011r110f110r010t010.jpg\"\/>\n\t\t\t\t\t\t\t\t<\/a>\n\t\t\t\t\t\t\t\t\t\t\t\t\t\t\t\t\t\t<\/div>\n\t\t\t\t<\/div>\n\t\t\t\t\t\t\t\t<h4>\n\t\t\t\t\t<a class='ngg-album-desc' \n\t\t\t\t\ttitle='Budowa ko\u015bcio\u0142a 2020.05 - wn\u0119trze' href='https:\/\/strachocin.archidiecezja.wroc.pl\/index.php\/nggallery\/budowa-kosciola\/budowa-kosciola-2020-05-wnetrze?page_id=2'style=\"max-width: 260px\"\t\t\t\t\t>\n\t\t\t\t\t\tBudowa ko\u015bcio\u0142a 2020.05 - wn\u0119trze\t\t\t\t\t<\/a>\n\t\t\t\t<\/h4>\n\t\t\t\t<p class=\"ngg-album-gallery-image-counter\">\n\t\t\t\t\t\t\t\t\t\t\t<strong>10<\/strong>&nbsp;Zdj\u0119\u0107\t\t\t\t\t\t\t\t\t<\/p>\n\t\t\t<\/div>\n\t\t\t\t\t<div class=\"ngg-album-compact\">\n\t\t\t\t<div class=\"ngg-album-compactbox\">\n\t\t\t\t\t<div class=\"ngg-album-link\">\n\t\t\t\t\t\t\t\t\t\t\t\t\t\t\t\t\t\t\t\t\t<a title='Budowa ko\u015bcio\u0142a 2020.05 - fasada' href='https:\/\/strachocin.archidiecezja.wroc.pl\/index.php\/nggallery\/budowa-kosciola\/budowa-kosciola-2020-05-fasada?page_id=2'>\n\t\t\t\t\t\t\t\t\t<img class=\"Thumb\"\n\t\t\t\t\t\t\t\t\t\talt=\"Budowa ko\u015bcio\u0142a 2020.05 - fasada\"\n\t\t\t\t\t\t\t\t\t\tsrc=\"https:\/\/strachocin.archidiecezja.wroc.pl\/wp-content\/gallery\/budowa-kosciola-2020-05-fasada\/cache\/fasada_5.jpg-nggid03103-ngg0dyn-240x160x100-00f0w010c011r110f110r010t010.jpg\"\/>\n\t\t\t\t\t\t\t\t<\/a>\n\t\t\t\t\t\t\t\t\t\t\t\t\t\t\t\t\t\t<\/div>\n\t\t\t\t<\/div>\n\t\t\t\t\t\t\t\t<h4>\n\t\t\t\t\t<a class='ngg-album-desc' \n\t\t\t\t\ttitle='Budowa ko\u015bcio\u0142a 2020.05 - fasada' href='https:\/\/strachocin.archidiecezja.wroc.pl\/index.php\/nggallery\/budowa-kosciola\/budowa-kosciola-2020-05-fasada?page_id=2'style=\"max-width: 260px\"\t\t\t\t\t>\n\t\t\t\t\t\tBudowa ko\u015bcio\u0142a 2020.05 - fasada\t\t\t\t\t<\/a>\n\t\t\t\t<\/h4>\n\t\t\t\t<p class=\"ngg-album-gallery-image-counter\">\n\t\t\t\t\t\t\t\t\t\t\t<strong>4<\/strong>&nbsp;Zdj\u0119\u0107\t\t\t\t\t\t\t\t\t<\/p>\n\t\t\t<\/div>\n\t\t\t\t\t<div class=\"ngg-album-compact\">\n\t\t\t\t<div class=\"ngg-album-compactbox\">\n\t\t\t\t\t<div class=\"ngg-album-link\">\n\t\t\t\t\t\t\t\t\t\t\t\t\t\t\t\t\t\t\t\t\t<a title='przebudowa-kaplicy' href='https:\/\/strachocin.archidiecezja.wroc.pl\/index.php\/nggallery\/budowa-kosciola\/przebudowa-kaplicy?page_id=2'>\n\t\t\t\t\t\t\t\t\t<img class=\"Thumb\"\n\t\t\t\t\t\t\t\t\t\talt=\"przebudowa-kaplicy\"\n\t\t\t\t\t\t\t\t\t\tsrc=\"https:\/\/strachocin.archidiecezja.wroc.pl\/wp-content\/gallery\/przebudowa-kaplicy\/cache\/remont2.05.2023.jpg-nggid0212-ngg0dyn-240x160x100-00f0w010c011r110f110r010t010.jpg\"\/>\n\t\t\t\t\t\t\t\t<\/a>\n\t\t\t\t\t\t\t\t\t\t\t\t\t\t\t\t\t\t<\/div>\n\t\t\t\t<\/div>\n\t\t\t\t\t\t\t\t<h4>\n\t\t\t\t\t<a class='ngg-album-desc' \n\t\t\t\t\ttitle='przebudowa-kaplicy' href='https:\/\/strachocin.archidiecezja.wroc.pl\/index.php\/nggallery\/budowa-kosciola\/przebudowa-kaplicy?page_id=2'style=\"max-width: 260px\"\t\t\t\t\t>\n\t\t\t\t\t\tprzebudowa-kaplicy\t\t\t\t\t<\/a>\n\t\t\t\t<\/h4>\n\t\t\t\t<p class=\"ngg-album-gallery-image-counter\">\n\t\t\t\t\t\t\t\t\t\t\t<strong>4<\/strong>&nbsp;Zdj\u0119\u0107\t\t\t\t\t\t\t\t\t<\/p>\n\t\t\t<\/div>\n\t\t\t\t<br class=\"ngg-clear\"\/>\n\t\t<div class='ngg-clear'><\/div>\t<\/div>\n\n","protected":false},"excerpt":{"rendered":"","protected":false},"author":1,"featured_media":0,"parent":24831,"menu_order":3,"comment_status":"closed","ping_status":"open","template":"","meta":{"_uag_custom_page_level_css":"","ngg_post_thumbnail":0,"footnotes":""},"uagb_featured_image_src":{"full":false,"thumbnail":false,"medium":false,"medium_large":false,"large":false,"1536x1536":false,"2048x2048":false,"hestia-blog":false},"uagb_author_info":{"display_name":"tomekr","author_link":"https:\/\/strachocin.archidiecezja.wroc.pl\/?author=1"},"uagb_comment_info":0,"uagb_excerpt":null,"_links":{"self":[{"href":"https:\/\/strachocin.archidiecezja.wroc.pl\/index.php?rest_route=\/wp\/v2\/pages\/2"}],"collection":[{"href":"https:\/\/strachocin.archidiecezja.wroc.pl\/index.php?rest_route=\/wp\/v2\/pages"}],"about":[{"href":"https:\/\/strachocin.archidiecezja.wroc.pl\/index.php?rest_route=\/wp\/v2\/types\/page"}],"author":[{"embeddable":true,"href":"https:\/\/strachocin.archidiecezja.wroc.pl\/index.php?rest_route=\/wp\/v2\/users\/1"}],"replies":[{"embeddable":true,"href":"https:\/\/strachocin.archidiecezja.wroc.pl\/index.php?rest_route=%2Fwp%2Fv2%2Fcomments&post=2"}],"version-history":[{"count":0,"href":"https:\/\/strachocin.archidiecezja.wroc.pl\/index.php?rest_route=\/wp\/v2\/pages\/2\/revisions"}],"up":[{"embeddable":true,"href":"https:\/\/strachocin.archidiecezja.wroc.pl\/index.php?rest_route=\/wp\/v2\/pages\/24831"}],"wp:attachment":[{"href":"https:\/\/strachocin.archidiecezja.wroc.pl\/index.php?rest_route=%2Fwp%2Fv2%2Fmedia&parent=2"}],"curies":[{"name":"wp","href":"https:\/\/api.w.org\/{rel}","templated":true}]}}